{"id":223,"date":"2022-02-19T12:40:45","date_gmt":"2022-02-19T11:40:45","guid":{"rendered":"https:\/\/depert.com\/?page_id=223"},"modified":"2022-04-11T14:04:35","modified_gmt":"2022-04-11T12:04:35","slug":"prototypowanie","status":"publish","type":"page","link":"https:\/\/depert.com\/pl\/prototypowanie\/","title":{"rendered":"Prototypowanie"},"content":{"rendered":"<p>[et_pb_section fb_built=&#8221;1&#8243; custom_padding_last_edited=&#8221;on|phone&#8221; _builder_version=&#8221;4.14.7&#8243; _module_preset=&#8221;default&#8221; background_enable_image=&#8221;off&#8221; background_position=&#8221;top_center&#8221; background_video_mp4=&#8221;https:\/\/depert.com\/wp-content\/uploads\/2022\/02\/tech.mp4&#8243; custom_padding=&#8221;0px||0px||false|false&#8221; custom_padding_tablet=&#8221;30px||30px||false|false&#8221; custom_padding_phone=&#8221;50px||50px||false|false&#8221; border_color_bottom=&#8221;#004173&#8243; global_colors_info=&#8221;{}&#8221;][et_pb_row use_custom_gutter=&#8221;on&#8221; make_equal=&#8221;on&#8221; custom_padding_last_edited=&#8221;on|phone&#8221; _builder_version=&#8221;4.14.7&#8243; _module_preset=&#8221;default&#8221; width=&#8221;90%&#8221; width_tablet=&#8221;90%&#8221; width_phone=&#8221;90%&#8221; width_last_edited=&#8221;on|tablet&#8221; max_width_tablet=&#8221;90%&#8221; max_width_phone=&#8221;90%&#8221; max_width_last_edited=&#8221;on|desktop&#8221; custom_padding=&#8221;12.6vh||12.6vh||true|false&#8221; custom_padding_tablet=&#8221;0vh||10px||false|false&#8221; custom_padding_phone=&#8221;0vh||0vh||true|false&#8221; animation_direction=&#8221;top&#8221; global_colors_info=&#8221;{}&#8221;][et_pb_column type=&#8221;4_4&#8243; _builder_version=&#8221;4.14.2&#8243; _module_preset=&#8221;default&#8221; global_colors_info=&#8221;{}&#8221;][et_pb_text _builder_version=&#8221;4.14.7&#8243; _module_preset=&#8221;default&#8221; header_font=&#8221;Lato|300|||||||&#8221; header_text_align=&#8221;left&#8221; header_text_color=&#8221;#004173&#8243; header_font_size=&#8221;44px&#8221; header_line_height=&#8221;1.2em&#8221; header_font_size_tablet=&#8221;50px&#8221; header_font_size_phone=&#8221;25px&#8221; header_font_size_last_edited=&#8221;on|phone&#8221; global_colors_info=&#8221;{}&#8221;]<\/p>\n<h1>Us\u0142ugi<\/h1>\n<p>[\/et_pb_text][\/et_pb_column][\/et_pb_row][\/et_pb_section][et_pb_section fb_built=&#8221;1&#8243; _builder_version=&#8221;4.14.7&#8243; _module_preset=&#8221;default&#8221; background_color_gradient_start=&#8221;#f4f4f4&#8243; background_color_gradient_end=&#8221;#dddddd&#8221; background_color_gradient_direction=&#8221;212deg&#8221; background_enable_image=&#8221;off&#8221; custom_padding=&#8221;41px||0px||false|false&#8221; border_width_top=&#8221;22px&#8221; border_color_top=&#8221;#004173&#8243; global_colors_info=&#8221;{}&#8221;][et_pb_row column_structure=&#8221;1_4,1_4,1_4,1_4&#8243; module_class=&#8221;one-column&#8221; _builder_version=&#8221;4.14.7&#8243; _module_preset=&#8221;default&#8221; width=&#8221;90%&#8221; custom_padding=&#8221;6px||0px||false|false&#8221; global_colors_info=&#8221;{}&#8221;][et_pb_column type=&#8221;1_4&#8243; _builder_version=&#8221;4.14.7&#8243; _module_preset=&#8221;default&#8221; global_colors_info=&#8221;{}&#8221;][et_pb_blurb title=&#8221;Koncept&#8221; image=&#8221;https:\/\/depert.com\/wp-content\/uploads\/2022\/02\/number-one.png&#8221; image_icon_width=&#8221;32px&#8221; _builder_version=&#8221;4.14.8&#8243; _module_preset=&#8221;default&#8221; header_font=&#8221;Lato||||||||&#8221; header_text_align=&#8221;center&#8221; header_text_color=&#8221;#004173&#8243; header_font_size=&#8221;17px&#8221; header_line_height=&#8221;1.8em&#8221; background_color=&#8221;#d3d3d3&#8243; image_icon_custom_margin=&#8221;||-23px||false|false&#8221; custom_padding=&#8221;12px||3px||false|true&#8221; animation=&#8221;off&#8221; link_option_url=&#8221;https:\/\/depert.com\/pl\/koncept\/&#8221; hover_enabled=&#8221;0&#8243; border_radii=&#8221;on|7px|7px|7px|7px&#8221; border_width_all=&#8221;2px&#8221; border_color_all=&#8221;#d3d3d3&#8243; global_colors_info=&#8221;{}&#8221; border_width_all__hover_enabled=&#8221;on|desktop&#8221; border_width_all__hover=&#8221;2px&#8221; border_color_all__hover_enabled=&#8221;on|desktop&#8221; border_color_all__hover=&#8221;#004173&#8243; sticky_enabled=&#8221;0&#8243;][\/et_pb_blurb][\/et_pb_column][et_pb_column type=&#8221;1_4&#8243; _builder_version=&#8221;4.14.7&#8243; _module_preset=&#8221;default&#8221; global_colors_info=&#8221;{}&#8221;][et_pb_blurb title=&#8221;Design&#8221; image=&#8221;https:\/\/depert.com\/wp-content\/uploads\/2022\/02\/number-2.png&#8221; image_icon_width=&#8221;32px&#8221; _builder_version=&#8221;4.14.8&#8243; _module_preset=&#8221;default&#8221; header_font=&#8221;Lato||||||||&#8221; header_text_align=&#8221;center&#8221; header_text_color=&#8221;#004173&#8243; header_font_size=&#8221;17px&#8221; header_line_height=&#8221;1.8em&#8221; background_color=&#8221;#d3d3d3&#8243; image_icon_custom_margin=&#8221;||-23px||false|false&#8221; custom_padding=&#8221;12px||3px||false|true&#8221; animation=&#8221;off&#8221; link_option_url=&#8221;https:\/\/depert.com\/pl\/design\/&#8221; hover_enabled=&#8221;0&#8243; border_radii=&#8221;on|7px|7px|7px|7px&#8221; border_width_all=&#8221;2px&#8221; border_color_all=&#8221;#d3d3d3&#8243; global_colors_info=&#8221;{}&#8221; border_width_all__hover_enabled=&#8221;on|desktop&#8221; border_width_all__hover=&#8221;2px&#8221; border_color_all__hover_enabled=&#8221;on|desktop&#8221; border_color_all__hover=&#8221;#004173&#8243; sticky_enabled=&#8221;0&#8243;][\/et_pb_blurb][\/et_pb_column][et_pb_column type=&#8221;1_4&#8243; _builder_version=&#8221;4.14.7&#8243; _module_preset=&#8221;default&#8221; global_colors_info=&#8221;{}&#8221;][et_pb_blurb title=&#8221;Prototypowanie&#8221; image=&#8221;https:\/\/depert.com\/wp-content\/uploads\/2022\/02\/number-3-1.png&#8221; image_icon_width=&#8221;32px&#8221; _builder_version=&#8221;4.14.8&#8243; _module_preset=&#8221;default&#8221; header_font=&#8221;Lato||||||||&#8221; header_text_align=&#8221;center&#8221; header_text_color=&#8221;#FFFFFF&#8221; header_font_size=&#8221;17px&#8221; header_line_height=&#8221;1.8em&#8221; background_color=&#8221;#004173&#8243; image_icon_custom_margin=&#8221;||-23px||false|false&#8221; custom_padding=&#8221;12px||3px||false|true&#8221; animation=&#8221;off&#8221; link_option_url=&#8221;https:\/\/depert.com\/pl\/prototypowanie\/&#8221; hover_enabled=&#8221;0&#8243; border_radii=&#8221;on|7px|7px|7px|7px&#8221; border_width_all=&#8221;2px&#8221; border_color_all=&#8221;#004173&#8243; global_colors_info=&#8221;{}&#8221; border_width_all__hover_enabled=&#8221;on|desktop&#8221; border_width_all__hover=&#8221;2px&#8221; border_color_all__hover_enabled=&#8221;on|desktop&#8221; border_color_all__hover=&#8221;#004173&#8243; sticky_enabled=&#8221;0&#8243;][\/et_pb_blurb][\/et_pb_column][et_pb_column type=&#8221;1_4&#8243; _builder_version=&#8221;4.14.7&#8243; _module_preset=&#8221;default&#8221; global_colors_info=&#8221;{}&#8221;][et_pb_blurb title=&#8221;Zatwierdzenie&#8221; image=&#8221;https:\/\/depert.com\/wp-content\/uploads\/2022\/02\/number-four-1.png&#8221; image_icon_width=&#8221;32px&#8221; _builder_version=&#8221;4.14.8&#8243; _module_preset=&#8221;default&#8221; header_font=&#8221;Lato||||||||&#8221; header_text_align=&#8221;center&#8221; header_text_color=&#8221;#004173&#8243; header_font_size=&#8221;17px&#8221; header_line_height=&#8221;1.8em&#8221; background_color=&#8221;#d3d3d3&#8243; image_icon_custom_margin=&#8221;||-23px||false|false&#8221; custom_padding=&#8221;12px||3px||false|true&#8221; animation=&#8221;off&#8221; link_option_url=&#8221;https:\/\/depert.com\/pl\/zatwierdzenie\/&#8221; hover_enabled=&#8221;0&#8243; border_radii=&#8221;on|7px|7px|7px|7px&#8221; border_width_all=&#8221;2px&#8221; border_color_all=&#8221;#d3d3d3&#8243; global_colors_info=&#8221;{}&#8221; border_width_all__hover_enabled=&#8221;on|desktop&#8221; border_width_all__hover=&#8221;2px&#8221; border_color_all__hover_enabled=&#8221;on|desktop&#8221; border_color_all__hover=&#8221;#004173&#8243; sticky_enabled=&#8221;0&#8243;][\/et_pb_blurb][\/et_pb_column][\/et_pb_row][et_pb_row column_structure=&#8221;1_4,1_4,1_4,1_4&#8243; _builder_version=&#8221;4.14.7&#8243; _module_preset=&#8221;default&#8221; width=&#8221;90%&#8221; custom_padding=&#8221;20px||0px||false|false&#8221; global_colors_info=&#8221;{}&#8221;][et_pb_column type=&#8221;1_4&#8243; _builder_version=&#8221;4.14.7&#8243; _module_preset=&#8221;default&#8221; global_colors_info=&#8221;{}&#8221;][et_pb_blurb title=&#8221;Produkcja pilota\u017cowa&#8221; image=&#8221;https:\/\/depert.com\/wp-content\/uploads\/2022\/02\/number-5-1.png&#8221; image_icon_width=&#8221;32px&#8221; _builder_version=&#8221;4.14.8&#8243; _module_preset=&#8221;default&#8221; header_font=&#8221;Lato||||||||&#8221; header_text_align=&#8221;center&#8221; header_text_color=&#8221;#004173&#8243; header_font_size=&#8221;17px&#8221; header_line_height=&#8221;1.8em&#8221; background_color=&#8221;#d3d3d3&#8243; image_icon_custom_margin=&#8221;||-23px||false|false&#8221; custom_padding=&#8221;12px||3px||false|true&#8221; animation=&#8221;off&#8221; link_option_url=&#8221;https:\/\/depert.com\/pl\/produkcja-pilotazowa\/&#8221; hover_enabled=&#8221;0&#8243; border_radii=&#8221;on|7px|7px|7px|7px&#8221; border_width_all=&#8221;2px&#8221; border_color_all=&#8221;#d3d3d3&#8243; global_colors_info=&#8221;{}&#8221; border_width_all__hover_enabled=&#8221;on|desktop&#8221; border_width_all__hover=&#8221;2px&#8221; border_color_all__hover_enabled=&#8221;on|desktop&#8221; border_color_all__hover=&#8221;#004173&#8243; sticky_enabled=&#8221;0&#8243;][\/et_pb_blurb][\/et_pb_column][et_pb_column type=&#8221;1_4&#8243; _builder_version=&#8221;4.14.7&#8243; _module_preset=&#8221;default&#8221; global_colors_info=&#8221;{}&#8221;][et_pb_blurb title=&#8221;Kontrola jako\u015bci&#8221; image=&#8221;https:\/\/depert.com\/wp-content\/uploads\/2022\/02\/six-1.png&#8221; image_icon_width=&#8221;32px&#8221; _builder_version=&#8221;4.14.8&#8243; _module_preset=&#8221;default&#8221; header_font=&#8221;Lato||||||||&#8221; header_text_align=&#8221;center&#8221; header_text_color=&#8221;#004173&#8243; header_font_size=&#8221;17px&#8221; header_line_height=&#8221;1.8em&#8221; background_color=&#8221;#d3d3d3&#8243; image_icon_custom_margin=&#8221;||-23px||false|false&#8221; custom_padding=&#8221;12px||3px||false|true&#8221; animation=&#8221;off&#8221; link_option_url=&#8221;https:\/\/depert.com\/pl\/kontrola-jakosci\/&#8221; hover_enabled=&#8221;0&#8243; border_radii=&#8221;on|7px|7px|7px|7px&#8221; border_width_all=&#8221;2px&#8221; border_color_all=&#8221;#d3d3d3&#8243; global_colors_info=&#8221;{}&#8221; border_width_all__hover_enabled=&#8221;on|desktop&#8221; border_width_all__hover=&#8221;2px&#8221; border_color_all__hover_enabled=&#8221;on|desktop&#8221; border_color_all__hover=&#8221;#004173&#8243; sticky_enabled=&#8221;0&#8243;][\/et_pb_blurb][\/et_pb_column][et_pb_column type=&#8221;1_4&#8243; _builder_version=&#8221;4.14.7&#8243; _module_preset=&#8221;default&#8221; global_colors_info=&#8221;{}&#8221;][et_pb_blurb title=&#8221;Produkcja&#8221; image=&#8221;https:\/\/depert.com\/wp-content\/uploads\/2022\/02\/seven-1.png&#8221; image_icon_width=&#8221;32px&#8221; _builder_version=&#8221;4.14.8&#8243; _module_preset=&#8221;default&#8221; header_font=&#8221;Lato||||||||&#8221; header_text_align=&#8221;center&#8221; header_text_color=&#8221;#004173&#8243; header_font_size=&#8221;17px&#8221; header_line_height=&#8221;1.8em&#8221; background_color=&#8221;#d3d3d3&#8243; image_icon_custom_margin=&#8221;||-23px||false|false&#8221; custom_padding=&#8221;12px||3px||false|true&#8221; animation=&#8221;off&#8221; link_option_url=&#8221;https:\/\/depert.com\/pl\/produkcja\/&#8221; hover_enabled=&#8221;0&#8243; border_radii=&#8221;on|7px|7px|7px|7px&#8221; border_width_all=&#8221;2px&#8221; border_color_all=&#8221;#d3d3d3&#8243; global_colors_info=&#8221;{}&#8221; border_width_all__hover_enabled=&#8221;on|desktop&#8221; border_width_all__hover=&#8221;2px&#8221; border_color_all__hover_enabled=&#8221;on|desktop&#8221; border_color_all__hover=&#8221;#004173&#8243; sticky_enabled=&#8221;0&#8243;][\/et_pb_blurb][\/et_pb_column][et_pb_column type=&#8221;1_4&#8243; _builder_version=&#8221;4.14.7&#8243; _module_preset=&#8221;default&#8221; global_colors_info=&#8221;{}&#8221;][\/et_pb_column][\/et_pb_row][et_pb_row _builder_version=&#8221;4.14.7&#8243; _module_preset=&#8221;default&#8221; width=&#8221;90%&#8221; custom_padding=&#8221;6px||0px||false|false&#8221; global_colors_info=&#8221;{}&#8221;][et_pb_column type=&#8221;4_4&#8243; _builder_version=&#8221;4.14.7&#8243; _module_preset=&#8221;default&#8221; global_colors_info=&#8221;{}&#8221;][et_pb_text _builder_version=&#8221;4.14.7&#8243; _module_preset=&#8221;default&#8221; header_2_font=&#8221;Lato||||||||&#8221; header_2_text_color=&#8221;#004173&#8243; header_2_font_size=&#8221;29px&#8221; header_2_line_height=&#8221;1.2em&#8221; custom_margin=&#8221;13px||-7px|||&#8221; custom_padding=&#8221;11px||34px|||&#8221; global_colors_info=&#8221;{}&#8221;]<\/p>\n<h2 style=\"text-align: center;\">Wspieramy firmy na ka\u017cdym etapie rozwoju produktu.<\/h2>\n<p>[\/et_pb_text][et_pb_divider _builder_version=&#8221;4.14.7&#8243; _module_preset=&#8221;default&#8221; custom_margin=&#8221;||-30px|||&#8221; custom_padding=&#8221;||1px|||&#8221; global_colors_info=&#8221;{}&#8221;][\/et_pb_divider][\/et_pb_column][\/et_pb_row][\/et_pb_section][et_pb_section fb_built=&#8221;1&#8243; _builder_version=&#8221;4.14.7&#8243; _module_preset=&#8221;default&#8221; custom_padding=&#8221;20px||20px||true|false&#8221; global_colors_info=&#8221;{}&#8221;][et_pb_row column_structure=&#8221;2_5,3_5&#8243; use_custom_gutter=&#8221;on&#8221; make_equal=&#8221;on&#8221; _builder_version=&#8221;4.14.8&#8243; _module_preset=&#8221;default&#8221; width=&#8221;90%&#8221; global_colors_info=&#8221;{}&#8221;][et_pb_column type=&#8221;2_5&#8243; _builder_version=&#8221;4.14.8&#8243; _module_preset=&#8221;default&#8221; background_image=&#8221;https:\/\/depert.com\/wp-content\/uploads\/2022\/03\/p3.jpg&#8221; global_colors_info=&#8221;{}&#8221;][et_pb_divider color=&#8221;rgba(0,65,115,0)&#8221; _builder_version=&#8221;4.14.7&#8243; _module_preset=&#8221;default&#8221; custom_padding=&#8221;||127px|||&#8221; global_colors_info=&#8221;{}&#8221;][\/et_pb_divider][\/et_pb_column][et_pb_column type=&#8221;3_5&#8243; _builder_version=&#8221;4.14.7&#8243; _module_preset=&#8221;default&#8221; custom_padding=&#8221;37px||37px||true|false&#8221; global_colors_info=&#8221;{}&#8221;][et_pb_text _builder_version=&#8221;4.14.7&#8243; _module_preset=&#8221;default&#8221; header_2_font=&#8221;Lato||||||||&#8221; header_2_text_color=&#8221;#000000&#8243; header_2_font_size=&#8221;29px&#8221; header_2_line_height=&#8221;1.2em&#8221; global_colors_info=&#8221;{}&#8221;]<\/p>\n<h2>Prototypowanie<\/h2>\n<p>[\/et_pb_text][et_pb_divider divider_weight=&#8221;3px&#8221; _builder_version=&#8221;4.14.7&#8243; max_width=&#8221;72px&#8221; custom_margin=&#8221;-16px||||false|false&#8221; custom_margin_tablet=&#8221;-26px||||false|false&#8221; custom_margin_phone=&#8221;-26px||||false|false&#8221; custom_margin_last_edited=&#8221;on|phone&#8221; custom_padding=&#8221;0px|||&#8221; global_colors_info=&#8221;{}&#8221;][\/et_pb_divider][et_pb_text _builder_version=&#8221;4.14.7&#8243; _module_preset=&#8221;default&#8221; text_font=&#8221;Lato||||||||&#8221; text_font_size=&#8221;15px&#8221; custom_margin=&#8221;||3px|||&#8221; global_colors_info=&#8221;{}&#8221;]Prototypowanie to przygotowanie pierwszej wersji produktu na podstawie stworzonej wcze\u015bniej dokumentacji technicznej. Przetestowane prototypy to doskona\u0142e narz\u0119dzia do pierwszej weryfikacji w zestawieniu z za\u0142o\u017ceniami projektowymi. W zakresie proces\u00f3w zakupowych, odbywa si\u0119 ostateczny audyt jako\u015bciowy dostawc\u00f3w, kt\u00f3ry ma wy\u0142oni\u0107 najlepszych kontrahent\u00f3w. [\/et_pb_text][\/et_pb_column][\/et_pb_row][et_pb_row column_structure=&#8221;1_2,1_2&#8243; use_custom_gutter=&#8221;on&#8221; make_equal=&#8221;on&#8221; _builder_version=&#8221;4.14.7&#8243; _module_preset=&#8221;default&#8221; width=&#8221;90%&#8221; global_colors_info=&#8221;{}&#8221;][et_pb_column type=&#8221;1_2&#8243; _builder_version=&#8221;4.14.7&#8243; _module_preset=&#8221;default&#8221; custom_padding=&#8221;37px||37px||true|false&#8221; global_colors_info=&#8221;{}&#8221;][et_pb_text _builder_version=&#8221;4.14.7&#8243; _module_preset=&#8221;default&#8221; header_2_font=&#8221;Lato||||||||&#8221; header_2_text_color=&#8221;#000000&#8243; header_2_font_size=&#8221;29px&#8221; header_2_line_height=&#8221;1.2em&#8221; global_colors_info=&#8221;{}&#8221;]<\/p>\n<h2>Prototyp Alfa<\/h2>\n<p>[\/et_pb_text][et_pb_divider divider_weight=&#8221;3px&#8221; _builder_version=&#8221;4.14.7&#8243; max_width=&#8221;72px&#8221; custom_margin=&#8221;-16px||||false|false&#8221; custom_margin_tablet=&#8221;-26px||||false|false&#8221; custom_margin_phone=&#8221;-26px||||false|false&#8221; custom_margin_last_edited=&#8221;on|phone&#8221; custom_padding=&#8221;0px|||&#8221; global_colors_info=&#8221;{}&#8221;][\/et_pb_divider][et_pb_text _builder_version=&#8221;4.14.7&#8243; _module_preset=&#8221;default&#8221; text_font=&#8221;Lato||||||||&#8221; text_font_size=&#8221;15px&#8221; custom_margin=&#8221;||3px|||&#8221; global_colors_info=&#8221;{}&#8221;]<\/p>\n<ul>\n<li>Stworzenie pierwszych prototyp\u00f3w produktu.<\/li>\n<li>Ustalone zostaj\u0105 pierwsze plany test\u00f3w dla stworzonych prototyp\u00f3w.<\/li>\n<li>Rozpoczynaj\u0105 si\u0119 testy \u2013 na ka\u017cdym etapie testowania zapewniamy wsparcie.<\/li>\n<li>Wyniki test\u00f3w zbieramy, a nast\u0119pnie tworzymy raporty, kt\u00f3re pos\u0142u\u017c\u0105 do zaprojektowania dalszych usprawnie\u0144.<\/li>\n<\/ul>\n<p>[\/et_pb_text][\/et_pb_column][et_pb_column type=&#8221;1_2&#8243; _builder_version=&#8221;4.14.7&#8243; _module_preset=&#8221;default&#8221; custom_padding=&#8221;37px||37px||true|false&#8221; global_colors_info=&#8221;{}&#8221;][et_pb_text _builder_version=&#8221;4.14.7&#8243; _module_preset=&#8221;default&#8221; header_2_font=&#8221;Lato||||||||&#8221; header_2_text_color=&#8221;#000000&#8243; header_2_font_size=&#8221;29px&#8221; header_2_line_height=&#8221;1.2em&#8221; global_colors_info=&#8221;{}&#8221;]<\/p>\n<h2>Kwalifikacja dostawc\u00f3w<\/h2>\n<p>[\/et_pb_text][et_pb_divider divider_weight=&#8221;3px&#8221; _builder_version=&#8221;4.14.7&#8243; max_width=&#8221;72px&#8221; custom_margin=&#8221;-16px||||false|false&#8221; custom_margin_tablet=&#8221;-26px||||false|false&#8221; custom_margin_phone=&#8221;-26px||||false|false&#8221; custom_margin_last_edited=&#8221;on|phone&#8221; custom_padding=&#8221;0px|||&#8221; global_colors_info=&#8221;{}&#8221;][\/et_pb_divider][et_pb_text _builder_version=&#8221;4.14.7&#8243; _module_preset=&#8221;default&#8221; text_font=&#8221;Lato||||||||&#8221; text_font_size=&#8221;15px&#8221; custom_margin=&#8221;||3px|||&#8221; global_colors_info=&#8221;{}&#8221;]<\/p>\n<ul>\n<li>Pomoc w wyborze dostawc\u00f3w dla prototyp\u00f3w i produkcji seryjnej.<\/li>\n<li>Ostateczny wyb\u00f3r potencjalnych dostawc\u00f3w na podstawie analizy wys\u0142anych przez nich ofert i wycen.<\/li>\n<li>Wyb\u00f3r poprzedzony jest szczeg\u00f3\u0142owym audytem pod k\u0105tem najlepszego stosunku ceny do jako\u015bci.<\/li>\n<\/ul>\n<p>[\/et_pb_text][\/et_pb_column][\/et_pb_row][\/et_pb_section]<\/p>\n","protected":false},"excerpt":{"rendered":"<p>Us\u0142ugiWspieramy firmy na ka\u017cdym etapie rozwoju produktu.PrototypowaniePrototypowanie to przygotowanie pierwszej wersji produktu na podstawie stworzonej wcze\u015bniej dokumentacji technicznej. Przetestowane prototypy to doskona\u0142e narz\u0119dzia do pierwszej weryfikacji w zestawieniu z za\u0142o\u017ceniami projektowymi. W zakresie proces\u00f3w zakupowych, odbywa si\u0119 ostateczny audyt jako\u015bciowy dostawc\u00f3w, kt\u00f3ry ma wy\u0142oni\u0107 najlepszych kontrahent\u00f3w. Prototyp Alfa Stworzenie pierwszych prototyp\u00f3w produktu. Ustalone zostaj\u0105 pierwsze [&hellip;]<\/p>\n","protected":false},"author":1,"featured_media":0,"parent":0,"menu_order":0,"comment_status":"closed","ping_status":"closed","template":"","meta":{"_et_pb_use_builder":"on","_et_pb_old_content":"","_et_gb_content_width":"","footnotes":""},"class_list":["post-223","page","type-page","status-publish","hentry"],"_links":{"self":[{"href":"https:\/\/depert.com\/pl\/wp-json\/wp\/v2\/pages\/223","targetHints":{"allow":["GET"]}}],"collection":[{"href":"https:\/\/depert.com\/pl\/wp-json\/wp\/v2\/pages"}],"about":[{"href":"https:\/\/depert.com\/pl\/wp-json\/wp\/v2\/types\/page"}],"author":[{"embeddable":true,"href":"https:\/\/depert.com\/pl\/wp-json\/wp\/v2\/users\/1"}],"replies":[{"embeddable":true,"href":"https:\/\/depert.com\/pl\/wp-json\/wp\/v2\/comments?post=223"}],"version-history":[{"count":5,"href":"https:\/\/depert.com\/pl\/wp-json\/wp\/v2\/pages\/223\/revisions"}],"predecessor-version":[{"id":567,"href":"https:\/\/depert.com\/pl\/wp-json\/wp\/v2\/pages\/223\/revisions\/567"}],"wp:attachment":[{"href":"https:\/\/depert.com\/pl\/wp-json\/wp\/v2\/media?parent=223"}],"curies":[{"name":"wp","href":"https:\/\/api.w.org\/{rel}","templated":true}]}}