{"id":178,"date":"2022-02-19T09:08:04","date_gmt":"2022-02-19T08:08:04","guid":{"rendered":"https:\/\/depert.com\/?page_id=178"},"modified":"2022-04-11T13:02:04","modified_gmt":"2022-04-11T11:02:04","slug":"koncept","status":"publish","type":"page","link":"https:\/\/depert.com\/pl\/koncept\/","title":{"rendered":"Koncept"},"content":{"rendered":"<p>[et_pb_section fb_built=&#8221;1&#8243; custom_padding_last_edited=&#8221;on|phone&#8221; _builder_version=&#8221;4.14.7&#8243; _module_preset=&#8221;default&#8221; background_enable_image=&#8221;off&#8221; background_position=&#8221;top_center&#8221; background_video_mp4=&#8221;https:\/\/depert.com\/wp-content\/uploads\/2022\/02\/tech.mp4&#8243; custom_padding=&#8221;0px||0px||false|false&#8221; custom_padding_tablet=&#8221;30px||30px||false|false&#8221; custom_padding_phone=&#8221;50px||50px||false|false&#8221; border_color_bottom=&#8221;#004173&#8243; global_colors_info=&#8221;{}&#8221;][et_pb_row use_custom_gutter=&#8221;on&#8221; make_equal=&#8221;on&#8221; custom_padding_last_edited=&#8221;on|phone&#8221; _builder_version=&#8221;4.14.7&#8243; _module_preset=&#8221;default&#8221; width=&#8221;90%&#8221; width_tablet=&#8221;90%&#8221; width_phone=&#8221;90%&#8221; width_last_edited=&#8221;on|tablet&#8221; max_width_tablet=&#8221;90%&#8221; max_width_phone=&#8221;90%&#8221; max_width_last_edited=&#8221;on|desktop&#8221; custom_padding=&#8221;12.6vh||12.6vh||true|false&#8221; custom_padding_tablet=&#8221;0vh||10px||false|false&#8221; custom_padding_phone=&#8221;0vh||0vh||true|false&#8221; animation_direction=&#8221;top&#8221; global_colors_info=&#8221;{}&#8221;][et_pb_column type=&#8221;4_4&#8243; _builder_version=&#8221;4.14.2&#8243; _module_preset=&#8221;default&#8221; global_colors_info=&#8221;{}&#8221;][et_pb_text _builder_version=&#8221;4.14.7&#8243; _module_preset=&#8221;default&#8221; header_font=&#8221;Lato|300|||||||&#8221; header_text_align=&#8221;left&#8221; header_text_color=&#8221;#004173&#8243; header_font_size=&#8221;44px&#8221; header_line_height=&#8221;1.2em&#8221; header_font_size_tablet=&#8221;50px&#8221; header_font_size_phone=&#8221;25px&#8221; header_font_size_last_edited=&#8221;on|phone&#8221; global_colors_info=&#8221;{}&#8221;]<\/p>\n<h1>Us\u0142ugi<\/h1>\n<p>[\/et_pb_text][\/et_pb_column][\/et_pb_row][\/et_pb_section][et_pb_section fb_built=&#8221;1&#8243; _builder_version=&#8221;4.14.7&#8243; _module_preset=&#8221;default&#8221; background_color_gradient_start=&#8221;#f4f4f4&#8243; background_color_gradient_end=&#8221;#dddddd&#8221; background_color_gradient_direction=&#8221;212deg&#8221; background_enable_image=&#8221;off&#8221; custom_padding=&#8221;41px||0px||false|false&#8221; border_width_top=&#8221;22px&#8221; border_color_top=&#8221;#004173&#8243; global_colors_info=&#8221;{}&#8221;][et_pb_row column_structure=&#8221;1_4,1_4,1_4,1_4&#8243; module_class=&#8221;one-column&#8221; _builder_version=&#8221;4.14.7&#8243; _module_preset=&#8221;default&#8221; width=&#8221;90%&#8221; custom_padding=&#8221;6px||0px||false|false&#8221; global_colors_info=&#8221;{}&#8221;][et_pb_column type=&#8221;1_4&#8243; _builder_version=&#8221;4.14.7&#8243; _module_preset=&#8221;default&#8221; global_colors_info=&#8221;{}&#8221;][et_pb_blurb title=&#8221;Koncept&#8221; image=&#8221;https:\/\/depert.com\/wp-content\/uploads\/2022\/02\/number-one-1.png&#8221; image_icon_width=&#8221;32px&#8221; _builder_version=&#8221;4.14.8&#8243; _module_preset=&#8221;default&#8221; header_font=&#8221;Lato||||||||&#8221; header_text_align=&#8221;center&#8221; header_text_color=&#8221;#FFFFFF&#8221; header_font_size=&#8221;17px&#8221; header_line_height=&#8221;1.8em&#8221; background_color=&#8221;#004173&#8243; image_icon_custom_margin=&#8221;||-23px||false|false&#8221; custom_padding=&#8221;12px||3px||false|true&#8221; animation=&#8221;off&#8221; link_option_url=&#8221;https:\/\/depert.com\/pl\/koncept\/&#8221; hover_enabled=&#8221;0&#8243; border_radii=&#8221;on|7px|7px|7px|7px&#8221; border_width_all=&#8221;2px&#8221; border_color_all=&#8221;#004173&#8243; global_colors_info=&#8221;{}&#8221; border_width_all__hover_enabled=&#8221;on|desktop&#8221; border_width_all__hover=&#8221;2px&#8221; border_color_all__hover_enabled=&#8221;on|desktop&#8221; border_color_all__hover=&#8221;#004173&#8243; sticky_enabled=&#8221;0&#8243;][\/et_pb_blurb][\/et_pb_column][et_pb_column type=&#8221;1_4&#8243; _builder_version=&#8221;4.14.7&#8243; _module_preset=&#8221;default&#8221; global_colors_info=&#8221;{}&#8221;][et_pb_blurb title=&#8221;Design&#8221; image=&#8221;https:\/\/depert.com\/wp-content\/uploads\/2022\/02\/number-2.png&#8221; image_icon_width=&#8221;32px&#8221; _builder_version=&#8221;4.14.8&#8243; _module_preset=&#8221;default&#8221; header_font=&#8221;Lato||||||||&#8221; header_text_align=&#8221;center&#8221; header_text_color=&#8221;#004173&#8243; header_font_size=&#8221;17px&#8221; header_line_height=&#8221;1.8em&#8221; background_color=&#8221;#d3d3d3&#8243; image_icon_custom_margin=&#8221;||-23px||false|false&#8221; custom_padding=&#8221;12px||3px||false|true&#8221; animation=&#8221;off&#8221; link_option_url=&#8221;https:\/\/depert.com\/pl\/design\/&#8221; hover_enabled=&#8221;0&#8243; border_radii=&#8221;on|7px|7px|7px|7px&#8221; border_width_all=&#8221;2px&#8221; border_color_all=&#8221;#d3d3d3&#8243; global_colors_info=&#8221;{}&#8221; border_width_all__hover_enabled=&#8221;on|desktop&#8221; border_width_all__hover=&#8221;2px&#8221; border_color_all__hover_enabled=&#8221;on|desktop&#8221; border_color_all__hover=&#8221;#004173&#8243; sticky_enabled=&#8221;0&#8243;][\/et_pb_blurb][\/et_pb_column][et_pb_column type=&#8221;1_4&#8243; _builder_version=&#8221;4.14.7&#8243; _module_preset=&#8221;default&#8221; global_colors_info=&#8221;{}&#8221;][et_pb_blurb title=&#8221;Prototypowanie&#8221; image=&#8221;https:\/\/depert.com\/wp-content\/uploads\/2022\/02\/number-3.png&#8221; image_icon_width=&#8221;32px&#8221; _builder_version=&#8221;4.14.8&#8243; _module_preset=&#8221;default&#8221; header_font=&#8221;Lato||||||||&#8221; header_text_align=&#8221;center&#8221; header_text_color=&#8221;#004173&#8243; header_font_size=&#8221;17px&#8221; header_line_height=&#8221;1.8em&#8221; background_color=&#8221;#d3d3d3&#8243; image_icon_custom_margin=&#8221;||-23px||false|false&#8221; custom_padding=&#8221;12px||3px||false|true&#8221; animation=&#8221;off&#8221; link_option_url=&#8221;https:\/\/depert.com\/pl\/prototypowanie\/&#8221; hover_enabled=&#8221;0&#8243; border_radii=&#8221;on|7px|7px|7px|7px&#8221; border_width_all=&#8221;2px&#8221; border_color_all=&#8221;#d3d3d3&#8243; global_colors_info=&#8221;{}&#8221; border_width_all__hover_enabled=&#8221;on|desktop&#8221; border_width_all__hover=&#8221;2px&#8221; border_color_all__hover_enabled=&#8221;on|desktop&#8221; border_color_all__hover=&#8221;#004173&#8243; sticky_enabled=&#8221;0&#8243;][\/et_pb_blurb][\/et_pb_column][et_pb_column type=&#8221;1_4&#8243; _builder_version=&#8221;4.14.7&#8243; _module_preset=&#8221;default&#8221; global_colors_info=&#8221;{}&#8221;][et_pb_blurb title=&#8221;Zatwierdzenie&#8221; image=&#8221;https:\/\/depert.com\/wp-content\/uploads\/2022\/02\/number-four-1.png&#8221; image_icon_width=&#8221;32px&#8221; _builder_version=&#8221;4.14.8&#8243; _module_preset=&#8221;default&#8221; header_font=&#8221;Lato||||||||&#8221; header_text_align=&#8221;center&#8221; header_text_color=&#8221;#004173&#8243; header_font_size=&#8221;17px&#8221; header_line_height=&#8221;1.8em&#8221; background_color=&#8221;#d3d3d3&#8243; image_icon_custom_margin=&#8221;||-23px||false|false&#8221; custom_padding=&#8221;12px||3px||false|true&#8221; animation=&#8221;off&#8221; link_option_url=&#8221;https:\/\/depert.com\/pl\/zatwierdzenie\/&#8221; hover_enabled=&#8221;0&#8243; border_radii=&#8221;on|7px|7px|7px|7px&#8221; border_width_all=&#8221;2px&#8221; border_color_all=&#8221;#d3d3d3&#8243; global_colors_info=&#8221;{}&#8221; border_width_all__hover_enabled=&#8221;on|desktop&#8221; border_width_all__hover=&#8221;2px&#8221; border_color_all__hover_enabled=&#8221;on|desktop&#8221; border_color_all__hover=&#8221;#004173&#8243; sticky_enabled=&#8221;0&#8243;][\/et_pb_blurb][\/et_pb_column][\/et_pb_row][et_pb_row column_structure=&#8221;1_4,1_4,1_4,1_4&#8243; _builder_version=&#8221;4.14.7&#8243; _module_preset=&#8221;default&#8221; width=&#8221;90%&#8221; custom_padding=&#8221;20px||0px||false|false&#8221; global_colors_info=&#8221;{}&#8221;][et_pb_column type=&#8221;1_4&#8243; _builder_version=&#8221;4.14.7&#8243; _module_preset=&#8221;default&#8221; global_colors_info=&#8221;{}&#8221;][et_pb_blurb title=&#8221;Produkcja pilota\u017cowa&#8221; image=&#8221;https:\/\/depert.com\/wp-content\/uploads\/2022\/02\/number-5-1.png&#8221; image_icon_width=&#8221;32px&#8221; _builder_version=&#8221;4.14.8&#8243; _module_preset=&#8221;default&#8221; header_font=&#8221;Lato||||||||&#8221; header_text_align=&#8221;center&#8221; header_text_color=&#8221;#004173&#8243; header_font_size=&#8221;17px&#8221; header_line_height=&#8221;1.8em&#8221; background_color=&#8221;#d3d3d3&#8243; image_icon_custom_margin=&#8221;||-23px||false|false&#8221; custom_padding=&#8221;12px||3px||false|true&#8221; animation=&#8221;off&#8221; link_option_url=&#8221;https:\/\/depert.com\/pl\/produkcja-pilotazowa\/&#8221; hover_enabled=&#8221;0&#8243; border_radii=&#8221;on|7px|7px|7px|7px&#8221; border_width_all=&#8221;2px&#8221; border_color_all=&#8221;#d3d3d3&#8243; global_colors_info=&#8221;{}&#8221; border_width_all__hover_enabled=&#8221;on|desktop&#8221; border_width_all__hover=&#8221;2px&#8221; border_color_all__hover_enabled=&#8221;on|desktop&#8221; border_color_all__hover=&#8221;#004173&#8243; sticky_enabled=&#8221;0&#8243;][\/et_pb_blurb][\/et_pb_column][et_pb_column type=&#8221;1_4&#8243; _builder_version=&#8221;4.14.7&#8243; _module_preset=&#8221;default&#8221; global_colors_info=&#8221;{}&#8221;][et_pb_blurb title=&#8221;Kontrola jako\u015bci&#8221; image=&#8221;https:\/\/depert.com\/wp-content\/uploads\/2022\/02\/six-1.png&#8221; image_icon_width=&#8221;32px&#8221; _builder_version=&#8221;4.14.8&#8243; _module_preset=&#8221;default&#8221; header_font=&#8221;Lato||||||||&#8221; header_text_align=&#8221;center&#8221; header_text_color=&#8221;#004173&#8243; header_font_size=&#8221;17px&#8221; header_line_height=&#8221;1.8em&#8221; background_color=&#8221;#d3d3d3&#8243; image_icon_custom_margin=&#8221;||-23px||false|false&#8221; custom_padding=&#8221;12px||3px||false|true&#8221; animation=&#8221;off&#8221; link_option_url=&#8221;https:\/\/depert.com\/pl\/kontrola-jakosci\/&#8221; hover_enabled=&#8221;0&#8243; border_radii=&#8221;on|7px|7px|7px|7px&#8221; border_width_all=&#8221;2px&#8221; border_color_all=&#8221;#d3d3d3&#8243; global_colors_info=&#8221;{}&#8221; border_width_all__hover_enabled=&#8221;on|desktop&#8221; border_width_all__hover=&#8221;2px&#8221; border_color_all__hover_enabled=&#8221;on|desktop&#8221; border_color_all__hover=&#8221;#004173&#8243; sticky_enabled=&#8221;0&#8243;][\/et_pb_blurb][\/et_pb_column][et_pb_column type=&#8221;1_4&#8243; _builder_version=&#8221;4.14.7&#8243; _module_preset=&#8221;default&#8221; global_colors_info=&#8221;{}&#8221;][et_pb_blurb title=&#8221;Produkcja&#8221; image=&#8221;https:\/\/depert.com\/wp-content\/uploads\/2022\/02\/seven-1.png&#8221; image_icon_width=&#8221;32px&#8221; _builder_version=&#8221;4.14.8&#8243; _module_preset=&#8221;default&#8221; header_font=&#8221;Lato||||||||&#8221; header_text_align=&#8221;center&#8221; header_text_color=&#8221;#004173&#8243; header_font_size=&#8221;17px&#8221; header_line_height=&#8221;1.8em&#8221; background_color=&#8221;#d3d3d3&#8243; image_icon_custom_margin=&#8221;||-23px||false|false&#8221; custom_padding=&#8221;12px||3px||false|true&#8221; animation=&#8221;off&#8221; link_option_url=&#8221;https:\/\/depert.com\/pl\/produkcja\/&#8221; hover_enabled=&#8221;0&#8243; border_radii=&#8221;on|7px|7px|7px|7px&#8221; border_width_all=&#8221;2px&#8221; border_color_all=&#8221;#d3d3d3&#8243; global_colors_info=&#8221;{}&#8221; border_width_all__hover_enabled=&#8221;on|desktop&#8221; border_width_all__hover=&#8221;2px&#8221; border_color_all__hover_enabled=&#8221;on|desktop&#8221; border_color_all__hover=&#8221;#004173&#8243; sticky_enabled=&#8221;0&#8243;][\/et_pb_blurb][\/et_pb_column][et_pb_column type=&#8221;1_4&#8243; _builder_version=&#8221;4.14.7&#8243; _module_preset=&#8221;default&#8221; global_colors_info=&#8221;{}&#8221;][\/et_pb_column][\/et_pb_row][et_pb_row _builder_version=&#8221;4.14.7&#8243; _module_preset=&#8221;default&#8221; width=&#8221;90%&#8221; custom_padding=&#8221;6px||0px||false|false&#8221; global_colors_info=&#8221;{}&#8221;][et_pb_column type=&#8221;4_4&#8243; _builder_version=&#8221;4.14.7&#8243; _module_preset=&#8221;default&#8221; global_colors_info=&#8221;{}&#8221;][et_pb_text _builder_version=&#8221;4.14.7&#8243; _module_preset=&#8221;default&#8221; header_2_font=&#8221;Lato||||||||&#8221; header_2_text_color=&#8221;#004173&#8243; header_2_font_size=&#8221;29px&#8221; header_2_line_height=&#8221;1.2em&#8221; custom_margin=&#8221;13px||-7px|||&#8221; custom_padding=&#8221;11px||34px|||&#8221; global_colors_info=&#8221;{}&#8221;]<\/p>\n<h2 style=\"text-align: center;\">Wspieramy firmy na ka\u017cdym etapie rozwoju produktu.<\/h2>\n<p>[\/et_pb_text][et_pb_divider _builder_version=&#8221;4.14.7&#8243; _module_preset=&#8221;default&#8221; custom_margin=&#8221;||-30px|||&#8221; custom_padding=&#8221;||1px|||&#8221; global_colors_info=&#8221;{}&#8221;][\/et_pb_divider][\/et_pb_column][\/et_pb_row][\/et_pb_section][et_pb_section fb_built=&#8221;1&#8243; _builder_version=&#8221;4.14.7&#8243; _module_preset=&#8221;default&#8221; custom_padding=&#8221;20px||20px||true|false&#8221; global_colors_info=&#8221;{}&#8221;][et_pb_row column_structure=&#8221;2_5,3_5&#8243; use_custom_gutter=&#8221;on&#8221; make_equal=&#8221;on&#8221; _builder_version=&#8221;4.14.8&#8243; _module_preset=&#8221;default&#8221; width=&#8221;90%&#8221; global_colors_info=&#8221;{}&#8221;][et_pb_column type=&#8221;2_5&#8243; _builder_version=&#8221;4.14.8&#8243; _module_preset=&#8221;default&#8221; background_image=&#8221;https:\/\/depert.com\/wp-content\/uploads\/2022\/03\/p0.jpg&#8221; global_colors_info=&#8221;{}&#8221;][et_pb_divider color=&#8221;rgba(0,65,115,0)&#8221; _builder_version=&#8221;4.14.7&#8243; _module_preset=&#8221;default&#8221; custom_padding=&#8221;||127px|||&#8221; global_colors_info=&#8221;{}&#8221;][\/et_pb_divider][\/et_pb_column][et_pb_column type=&#8221;3_5&#8243; _builder_version=&#8221;4.14.7&#8243; _module_preset=&#8221;default&#8221; custom_padding=&#8221;37px||37px||true|false&#8221; global_colors_info=&#8221;{}&#8221;][et_pb_text _builder_version=&#8221;4.14.7&#8243; _module_preset=&#8221;default&#8221; header_2_font=&#8221;Lato||||||||&#8221; header_2_text_color=&#8221;#000000&#8243; header_2_font_size=&#8221;29px&#8221; header_2_line_height=&#8221;1.2em&#8221; global_colors_info=&#8221;{}&#8221;]<\/p>\n<h2>Koncept<\/h2>\n<p>[\/et_pb_text][et_pb_divider divider_weight=&#8221;3px&#8221; _builder_version=&#8221;4.14.7&#8243; max_width=&#8221;72px&#8221; custom_margin=&#8221;-16px||||false|false&#8221; custom_margin_tablet=&#8221;-26px||||false|false&#8221; custom_margin_phone=&#8221;-26px||||false|false&#8221; custom_margin_last_edited=&#8221;on|phone&#8221; custom_padding=&#8221;0px|||&#8221; global_colors_info=&#8221;{}&#8221;][\/et_pb_divider][et_pb_text _builder_version=&#8221;4.14.8&#8243; _module_preset=&#8221;default&#8221; text_font=&#8221;Lato||||||||&#8221; text_font_size=&#8221;15px&#8221; custom_margin=&#8221;||3px|||&#8221; global_colors_info=&#8221;{}&#8221;]<\/p>\n<p>Koncept to pierwszy etap procesu NPD (Rozwoju Nowego Produktu). Jest kluczowy, poniewa\u017c od niego zale\u017c\u0105 kolejne kroki. Ten etap opr\u00f3cz przedstawienia r\u00f3\u017cnych mo\u017cliwo\u015bci rozwi\u0105zania zawiera r\u00f3wnie\u017c przygotowanie planu dla dostawc\u00f3w oraz poszukiwanie odpowiednich kontrahent\u00f3w.<\/p>\n<p>[\/et_pb_text][\/et_pb_column][\/et_pb_row][et_pb_row column_structure=&#8221;1_2,1_2&#8243; use_custom_gutter=&#8221;on&#8221; make_equal=&#8221;on&#8221; _builder_version=&#8221;4.14.7&#8243; _module_preset=&#8221;default&#8221; width=&#8221;90%&#8221; global_colors_info=&#8221;{}&#8221;][et_pb_column type=&#8221;1_2&#8243; _builder_version=&#8221;4.14.7&#8243; _module_preset=&#8221;default&#8221; custom_padding=&#8221;37px||37px||true|false&#8221; global_colors_info=&#8221;{}&#8221;][et_pb_text _builder_version=&#8221;4.14.7&#8243; _module_preset=&#8221;default&#8221; header_2_font=&#8221;Lato||||||||&#8221; header_2_text_color=&#8221;#000000&#8243; header_2_font_size=&#8221;29px&#8221; header_2_line_height=&#8221;1.2em&#8221; global_colors_info=&#8221;{}&#8221;]<\/p>\n<h2>Projektowanie koncepcyjne<\/h2>\n<p>[\/et_pb_text][et_pb_divider divider_weight=&#8221;3px&#8221; _builder_version=&#8221;4.14.7&#8243; max_width=&#8221;72px&#8221; custom_margin=&#8221;-16px||||false|false&#8221; custom_margin_tablet=&#8221;-26px||||false|false&#8221; custom_margin_phone=&#8221;-26px||||false|false&#8221; custom_margin_last_edited=&#8221;on|phone&#8221; custom_padding=&#8221;0px|||&#8221; global_colors_info=&#8221;{}&#8221;][\/et_pb_divider][et_pb_text _builder_version=&#8221;4.14.7&#8243; _module_preset=&#8221;default&#8221; text_font=&#8221;Lato||||||||&#8221; text_font_size=&#8221;15px&#8221; custom_margin=&#8221;||3px|||&#8221; global_colors_info=&#8221;{}&#8221;]<\/p>\n<ul>\n<li>Przedstawienie i prezentacja pomys\u0142\u00f3w oraz koncept\u00f3w rozwi\u0105za\u0144.<\/li>\n<li>Analiza rozwi\u0105za\u0144 stosowanych przez konkurencj\u0119.<\/li>\n<li>Analiza ergonomii rozwi\u0105zania.<\/li>\n<li>Weryfikacja wykonalno\u015bci proponowanego wst\u0119pnie rozwi\u0105zania.<\/li>\n<li>Weryfikacja i analiza kinematyki.<\/li>\n<li>Wykonanie profesjonalnych animacji, aby jak najlepiej zaprezentowa\u0107 docelowy wygl\u0105d nowego produktu.<\/li>\n<\/ul>\n<p>[\/et_pb_text][\/et_pb_column][et_pb_column type=&#8221;1_2&#8243; _builder_version=&#8221;4.14.7&#8243; _module_preset=&#8221;default&#8221; custom_padding=&#8221;37px||37px||true|false&#8221; global_colors_info=&#8221;{}&#8221;][et_pb_text _builder_version=&#8221;4.14.7&#8243; _module_preset=&#8221;default&#8221; header_2_font=&#8221;Lato||||||||&#8221; header_2_text_color=&#8221;#000000&#8243; header_2_font_size=&#8221;29px&#8221; header_2_line_height=&#8221;1.2em&#8221; global_colors_info=&#8221;{}&#8221;]<\/p>\n<h2>Przygotowanie planu dla dostawc\u00f3w<\/h2>\n<p>[\/et_pb_text][et_pb_divider divider_weight=&#8221;3px&#8221; _builder_version=&#8221;4.14.7&#8243; max_width=&#8221;72px&#8221; custom_margin=&#8221;-16px||||false|false&#8221; custom_margin_tablet=&#8221;-26px||||false|false&#8221; custom_margin_phone=&#8221;-26px||||false|false&#8221; custom_margin_last_edited=&#8221;on|phone&#8221; custom_padding=&#8221;0px|||&#8221; global_colors_info=&#8221;{}&#8221;][\/et_pb_divider][et_pb_text _builder_version=&#8221;4.14.7&#8243; _module_preset=&#8221;default&#8221; text_font=&#8221;Lato||||||||&#8221; text_font_size=&#8221;15px&#8221; custom_margin=&#8221;||3px|||&#8221; global_colors_info=&#8221;{}&#8221;]<\/p>\n<ul>\n<li>Analiza bazy obecnych dostawc\u00f3w.<\/li>\n<li>Sprawdzenie, czy analizowani dostawcy s\u0105 w stanie wyprodukowa\u0107 zaprojektowany detal.<\/li>\n<li>Je\u017celi tak, to przechodzimy do kompleksowej wsp\u00f3\u0142pracy.<\/li>\n<li>Je\u017celi dostawcy nie s\u0105 w stanie wyprodukowa\u0107 danych element\u00f3w, to przechodzimy do analizy rynku i poszukiwania nowych dostawc\u00f3w.<\/li>\n<\/ul>\n<p>[\/et_pb_text][\/et_pb_column][\/et_pb_row][\/et_pb_section]<\/p>\n","protected":false},"excerpt":{"rendered":"<p>Us\u0142ugiWspieramy firmy na ka\u017cdym etapie rozwoju produktu.KonceptKoncept to pierwszy etap procesu NPD (Rozwoju Nowego Produktu). Jest kluczowy, poniewa\u017c od niego zale\u017c\u0105 kolejne kroki. Ten etap opr\u00f3cz przedstawienia r\u00f3\u017cnych mo\u017cliwo\u015bci rozwi\u0105zania zawiera r\u00f3wnie\u017c przygotowanie planu dla dostawc\u00f3w oraz poszukiwanie odpowiednich kontrahent\u00f3w.Projektowanie koncepcyjne Przedstawienie i prezentacja pomys\u0142\u00f3w oraz koncept\u00f3w rozwi\u0105za\u0144. Analiza rozwi\u0105za\u0144 stosowanych przez konkurencj\u0119. Analiza ergonomii [&hellip;]<\/p>\n","protected":false},"author":1,"featured_media":0,"parent":0,"menu_order":0,"comment_status":"closed","ping_status":"closed","template":"","meta":{"_et_pb_use_builder":"on","_et_pb_old_content":"","_et_gb_content_width":"","footnotes":""},"class_list":["post-178","page","type-page","status-publish","hentry"],"_links":{"self":[{"href":"https:\/\/depert.com\/pl\/wp-json\/wp\/v2\/pages\/178","targetHints":{"allow":["GET"]}}],"collection":[{"href":"https:\/\/depert.com\/pl\/wp-json\/wp\/v2\/pages"}],"about":[{"href":"https:\/\/depert.com\/pl\/wp-json\/wp\/v2\/types\/page"}],"author":[{"embeddable":true,"href":"https:\/\/depert.com\/pl\/wp-json\/wp\/v2\/users\/1"}],"replies":[{"embeddable":true,"href":"https:\/\/depert.com\/pl\/wp-json\/wp\/v2\/comments?post=178"}],"version-history":[{"count":22,"href":"https:\/\/depert.com\/pl\/wp-json\/wp\/v2\/pages\/178\/revisions"}],"predecessor-version":[{"id":562,"href":"https:\/\/depert.com\/pl\/wp-json\/wp\/v2\/pages\/178\/revisions\/562"}],"wp:attachment":[{"href":"https:\/\/depert.com\/pl\/wp-json\/wp\/v2\/media?parent=178"}],"curies":[{"name":"wp","href":"https:\/\/api.w.org\/{rel}","templated":true}]}}