{"id":690,"date":"2022-02-19T13:34:12","date_gmt":"2022-02-19T12:34:12","guid":{"rendered":"https:\/\/depert.com\/produktion\/"},"modified":"2022-05-12T13:43:18","modified_gmt":"2022-05-12T11:43:18","slug":"produktion","status":"publish","type":"page","link":"https:\/\/depert.com\/de\/produktion\/","title":{"rendered":"Produktion"},"content":{"rendered":"<p>[et_pb_section fb_built=&#8220;1&#8243; custom_padding_last_edited=&#8220;on|phone&#8220; _builder_version=&#8220;4.16&#8243; _module_preset=&#8220;default&#8220; background_enable_image=&#8220;off&#8220; background_position=&#8220;top_center&#8220; background_video_mp4=&#8220;https:\/\/depert.com\/wp-content\/uploads\/2022\/02\/tech.mp4&#8243; custom_padding=&#8220;0px||0px||false|false&#8220; custom_padding_tablet=&#8220;30px||30px||false|false&#8220; custom_padding_phone=&#8220;50px||50px||false|false&#8220; border_color_bottom=&#8220;#004173&#8243; global_colors_info=&#8220;{}&#8220;][et_pb_row use_custom_gutter=&#8220;on&#8220; make_equal=&#8220;on&#8220; custom_padding_last_edited=&#8220;on|phone&#8220; _builder_version=&#8220;4.16&#8243; _module_preset=&#8220;default&#8220; width=&#8220;90%&#8220; width_tablet=&#8220;90%&#8220; width_phone=&#8220;90%&#8220; width_last_edited=&#8220;on|tablet&#8220; max_width_tablet=&#8220;90%&#8220; max_width_phone=&#8220;90%&#8220; max_width_last_edited=&#8220;on|desktop&#8220; custom_padding=&#8220;12.6vh||12.6vh||true|false&#8220; custom_padding_tablet=&#8220;0vh||10px||false|false&#8220; custom_padding_phone=&#8220;0vh||0vh||true|false&#8220; animation_direction=&#8220;top&#8220; global_colors_info=&#8220;{}&#8220;][et_pb_column type=&#8220;4_4&#8243; _builder_version=&#8220;4.16&#8243; _module_preset=&#8220;default&#8220; global_colors_info=&#8220;{}&#8220;][et_pb_text _builder_version=&#8220;4.16&#8243; _module_preset=&#8220;default&#8220; header_font=&#8220;Lato|300|||||||&#8220; header_text_align=&#8220;left&#8220; header_text_color=&#8220;#004173&#8243; header_font_size=&#8220;44px&#8220; header_line_height=&#8220;1.2em&#8220; header_font_size_tablet=&#8220;50px&#8220; header_font_size_phone=&#8220;25px&#8220; header_font_size_last_edited=&#8220;on|phone&#8220; global_colors_info=&#8220;{}&#8220;]<\/p>\n<h1>Dienstleistungen<\/h1>\n<p>[\/et_pb_text][\/et_pb_column][\/et_pb_row][\/et_pb_section][et_pb_section fb_built=&#8220;1&#8243; _builder_version=&#8220;4.16&#8243; _module_preset=&#8220;default&#8220; background_color_gradient_direction=&#8220;212deg&#8220; background_color_gradient_start=&#8220;#f4f4f4&#8243; background_color_gradient_end=&#8220;#dddddd&#8220; background_enable_image=&#8220;off&#8220; custom_padding=&#8220;41px||0px||false|false&#8220; border_width_top=&#8220;22px&#8220; border_color_top=&#8220;#004173&#8243; global_colors_info=&#8220;{}&#8220;][et_pb_row column_structure=&#8220;1_4,1_4,1_4,1_4&#8243; module_class=&#8220;one-column&#8220; _builder_version=&#8220;4.16&#8243; _module_preset=&#8220;default&#8220; width=&#8220;90%&#8220; custom_padding=&#8220;6px||0px||false|false&#8220; global_colors_info=&#8220;{}&#8220;][et_pb_column type=&#8220;1_4&#8243; _builder_version=&#8220;4.16&#8243; _module_preset=&#8220;default&#8220; global_colors_info=&#8220;{}&#8220;][et_pb_blurb title=&#8220;Konzept&#8220; image=&#8220;https:\/\/depert.com\/wp-content\/uploads\/2022\/02\/number-one.png&#8220; image_icon_width=&#8220;32px&#8220; _builder_version=&#8220;4.16&#8243; _module_preset=&#8220;default&#8220; header_font=&#8220;Lato||||||||&#8220; header_text_align=&#8220;center&#8220; header_text_color=&#8220;#004173&#8243; header_font_size=&#8220;17px&#8220; header_line_height=&#8220;1.8em&#8220; background_color=&#8220;#d3d3d3&#8243; image_icon_custom_margin=&#8220;||-23px||false|false&#8220; custom_padding=&#8220;12px||3px||false|true&#8220; animation=&#8220;off&#8220; link_option_url=&#8220;https:\/\/depert.com\/de\/konzept\/&#8220; border_radii=&#8220;on|7px|7px|7px|7px&#8220; border_width_all=&#8220;2px&#8220; border_color_all=&#8220;#d3d3d3&#8243; global_colors_info=&#8220;{}&#8220; border_width_all__hover_enabled=&#8220;on|desktop&#8220; border_width_all__hover=&#8220;2px&#8220; border_color_all__hover_enabled=&#8220;on|desktop&#8220; border_color_all__hover=&#8220;#004173&#8243;][\/et_pb_blurb][\/et_pb_column][et_pb_column type=&#8220;1_4&#8243; _builder_version=&#8220;4.16&#8243; _module_preset=&#8220;default&#8220; global_colors_info=&#8220;{}&#8220;][et_pb_blurb title=&#8220;Design&#8220; image=&#8220;https:\/\/depert.com\/wp-content\/uploads\/2022\/02\/number-2.png&#8220; image_icon_width=&#8220;32px&#8220; _builder_version=&#8220;4.16&#8243; _module_preset=&#8220;default&#8220; header_font=&#8220;Lato||||||||&#8220; header_text_align=&#8220;center&#8220; header_text_color=&#8220;#004173&#8243; header_font_size=&#8220;17px&#8220; header_line_height=&#8220;1.8em&#8220; background_color=&#8220;#d3d3d3&#8243; image_icon_custom_margin=&#8220;||-23px||false|false&#8220; custom_padding=&#8220;12px||3px||false|true&#8220; animation=&#8220;off&#8220; link_option_url=&#8220;https:\/\/depert.com\/de\/design\/&#8220; border_radii=&#8220;on|7px|7px|7px|7px&#8220; border_width_all=&#8220;2px&#8220; border_color_all=&#8220;#d3d3d3&#8243; global_colors_info=&#8220;{}&#8220; border_width_all__hover_enabled=&#8220;on|desktop&#8220; border_width_all__hover=&#8220;2px&#8220; border_color_all__hover_enabled=&#8220;on|desktop&#8220; border_color_all__hover=&#8220;#004173&#8243;][\/et_pb_blurb][\/et_pb_column][et_pb_column type=&#8220;1_4&#8243; _builder_version=&#8220;4.16&#8243; _module_preset=&#8220;default&#8220; global_colors_info=&#8220;{}&#8220;][et_pb_blurb title=&#8220;Protyping&#8220; image=&#8220;https:\/\/depert.com\/wp-content\/uploads\/2022\/02\/number-3.png&#8220; image_icon_width=&#8220;32px&#8220; _builder_version=&#8220;4.16&#8243; _module_preset=&#8220;default&#8220; header_font=&#8220;Lato||||||||&#8220; header_text_align=&#8220;center&#8220; header_text_color=&#8220;#004173&#8243; header_font_size=&#8220;17px&#8220; header_line_height=&#8220;1.8em&#8220; background_color=&#8220;#d3d3d3&#8243; image_icon_custom_margin=&#8220;||-23px||false|false&#8220; custom_padding=&#8220;12px||3px||false|true&#8220; animation=&#8220;off&#8220; link_option_url=&#8220;https:\/\/depert.com\/de\/protyping\/&#8220; border_radii=&#8220;on|7px|7px|7px|7px&#8220; border_width_all=&#8220;2px&#8220; border_color_all=&#8220;#d3d3d3&#8243; global_colors_info=&#8220;{}&#8220; border_width_all__hover_enabled=&#8220;on|desktop&#8220; border_width_all__hover=&#8220;2px&#8220; border_color_all__hover_enabled=&#8220;on|desktop&#8220; border_color_all__hover=&#8220;#004173&#8243;][\/et_pb_blurb][\/et_pb_column][et_pb_column type=&#8220;1_4&#8243; _builder_version=&#8220;4.16&#8243; _module_preset=&#8220;default&#8220; global_colors_info=&#8220;{}&#8220;][et_pb_blurb title=&#8220;Zulassung&#8220; image=&#8220;https:\/\/depert.com\/wp-content\/uploads\/2022\/02\/number-four-1.png&#8220; image_icon_width=&#8220;32px&#8220; _builder_version=&#8220;4.16&#8243; _module_preset=&#8220;default&#8220; header_font=&#8220;Lato||||||||&#8220; header_text_align=&#8220;center&#8220; header_text_color=&#8220;#004173&#8243; header_font_size=&#8220;17px&#8220; header_line_height=&#8220;1.8em&#8220; background_color=&#8220;#d3d3d3&#8243; image_icon_custom_margin=&#8220;||-23px||false|false&#8220; custom_padding=&#8220;12px||3px||false|true&#8220; animation=&#8220;off&#8220; link_option_url=&#8220;https:\/\/depert.com\/de\/zulassung\/&#8220; border_radii=&#8220;on|7px|7px|7px|7px&#8220; border_width_all=&#8220;2px&#8220; border_color_all=&#8220;#d3d3d3&#8243; global_colors_info=&#8220;{}&#8220; border_width_all__hover_enabled=&#8220;on|desktop&#8220; border_width_all__hover=&#8220;2px&#8220; border_color_all__hover_enabled=&#8220;on|desktop&#8220; border_color_all__hover=&#8220;#004173&#8243;][\/et_pb_blurb][\/et_pb_column][\/et_pb_row][et_pb_row column_structure=&#8220;1_4,1_4,1_4,1_4&#8243; _builder_version=&#8220;4.16&#8243; _module_preset=&#8220;default&#8220; width=&#8220;90%&#8220; custom_padding=&#8220;20px||0px||false|false&#8220; global_colors_info=&#8220;{}&#8220;][et_pb_column type=&#8220;1_4&#8243; _builder_version=&#8220;4.16&#8243; _module_preset=&#8220;default&#8220; global_colors_info=&#8220;{}&#8220;][et_pb_blurb title=&#8220;Pilotproduktion&#8220; image=&#8220;https:\/\/depert.com\/wp-content\/uploads\/2022\/02\/number-5-1.png&#8220; image_icon_width=&#8220;32px&#8220; _builder_version=&#8220;4.16&#8243; _module_preset=&#8220;default&#8220; header_font=&#8220;Lato||||||||&#8220; header_text_align=&#8220;center&#8220; header_text_color=&#8220;#004173&#8243; header_font_size=&#8220;17px&#8220; header_line_height=&#8220;1.8em&#8220; background_color=&#8220;#d3d3d3&#8243; image_icon_custom_margin=&#8220;||-23px||false|false&#8220; custom_padding=&#8220;12px||3px||false|true&#8220; animation=&#8220;off&#8220; link_option_url=&#8220;https:\/\/depert.com\/de\/pilotproduktion\/&#8220; border_radii=&#8220;on|7px|7px|7px|7px&#8220; border_width_all=&#8220;2px&#8220; border_color_all=&#8220;#d3d3d3&#8243; global_colors_info=&#8220;{}&#8220; border_width_all__hover_enabled=&#8220;on|desktop&#8220; border_width_all__hover=&#8220;2px&#8220; border_color_all__hover_enabled=&#8220;on|desktop&#8220; border_color_all__hover=&#8220;#004173&#8243;][\/et_pb_blurb][\/et_pb_column][et_pb_column type=&#8220;1_4&#8243; _builder_version=&#8220;4.16&#8243; _module_preset=&#8220;default&#8220; global_colors_info=&#8220;{}&#8220;][et_pb_blurb title=&#8220;Qualit\u00e4tskontrolle&#8220; image=&#8220;https:\/\/depert.com\/wp-content\/uploads\/2022\/02\/six-1.png&#8220; image_icon_width=&#8220;32px&#8220; _builder_version=&#8220;4.17.3&#8243; _module_preset=&#8220;default&#8220; header_font=&#8220;Lato||||||||&#8220; header_text_align=&#8220;center&#8220; header_text_color=&#8220;#004173&#8243; header_font_size=&#8220;17px&#8220; header_line_height=&#8220;1.8em&#8220; background_color=&#8220;#d3d3d3&#8243; image_icon_custom_margin=&#8220;||-23px||false|false&#8220; custom_padding=&#8220;12px||3px||false|true&#8220; animation=&#8220;off&#8220; link_option_url=&#8220;https:\/\/depert.com\/de\/qualitaetskontrolle\/&#8220; hover_enabled=&#8220;0&#8243; border_radii=&#8220;on|7px|7px|7px|7px&#8220; border_width_all=&#8220;2px&#8220; border_color_all=&#8220;#d3d3d3&#8243; global_colors_info=&#8220;{}&#8220; border_width_all__hover_enabled=&#8220;on|desktop&#8220; border_width_all__hover=&#8220;2px&#8220; border_color_all__hover_enabled=&#8220;on|desktop&#8220; border_color_all__hover=&#8220;#004173&#8243; sticky_enabled=&#8220;0&#8243;][\/et_pb_blurb][\/et_pb_column][et_pb_column type=&#8220;1_4&#8243; _builder_version=&#8220;4.16&#8243; _module_preset=&#8220;default&#8220; global_colors_info=&#8220;{}&#8220;][et_pb_blurb title=&#8220;Produktion&#8220; image=&#8220;https:\/\/depert.com\/wp-content\/uploads\/2022\/02\/seven.png&#8220; image_icon_width=&#8220;32px&#8220; _builder_version=&#8220;4.17.3&#8243; _module_preset=&#8220;default&#8220; header_font=&#8220;Lato||||||||&#8220; header_text_align=&#8220;center&#8220; header_text_color=&#8220;#FFFFFF&#8220; header_font_size=&#8220;17px&#8220; header_line_height=&#8220;1.8em&#8220; background_color=&#8220;#004173&#8243; image_icon_custom_margin=&#8220;||-23px||false|false&#8220; custom_padding=&#8220;12px||3px||false|true&#8220; animation=&#8220;off&#8220; link_option_url=&#8220;https:\/\/depert.com\/de\/produktion\/&#8220; hover_enabled=&#8220;0&#8243; border_radii=&#8220;on|7px|7px|7px|7px&#8220; border_width_all=&#8220;2px&#8220; border_color_all=&#8220;#004173&#8243; global_colors_info=&#8220;{}&#8220; border_width_all__hover_enabled=&#8220;on|desktop&#8220; border_width_all__hover=&#8220;2px&#8220; border_color_all__hover_enabled=&#8220;on|desktop&#8220; border_color_all__hover=&#8220;#004173&#8243; sticky_enabled=&#8220;0&#8243;][\/et_pb_blurb][\/et_pb_column][et_pb_column type=&#8220;1_4&#8243; _builder_version=&#8220;4.16&#8243; _module_preset=&#8220;default&#8220; global_colors_info=&#8220;{}&#8220;][\/et_pb_column][\/et_pb_row][et_pb_row _builder_version=&#8220;4.16&#8243; _module_preset=&#8220;default&#8220; width=&#8220;90%&#8220; custom_padding=&#8220;6px||0px||false|false&#8220; global_colors_info=&#8220;{}&#8220;][et_pb_column type=&#8220;4_4&#8243; _builder_version=&#8220;4.16&#8243; _module_preset=&#8220;default&#8220; global_colors_info=&#8220;{}&#8220;][et_pb_text _builder_version=&#8220;4.16&#8243; _module_preset=&#8220;default&#8220; header_2_font=&#8220;Lato||||||||&#8220; header_2_text_color=&#8220;#004173&#8243; header_2_font_size=&#8220;29px&#8220; header_2_line_height=&#8220;1.2em&#8220; custom_margin=&#8220;13px||-7px|||&#8220; custom_padding=&#8220;11px||34px|||&#8220; global_colors_info=&#8220;{}&#8220;]<\/p>\n<h2 style=\"text-align: center;\">Wir unterst\u00fctzen Unternehmen in jeder Phase der Produktentwicklung.<\/h2>\n<p>[\/et_pb_text][et_pb_divider _builder_version=&#8220;4.16&#8243; _module_preset=&#8220;default&#8220; custom_margin=&#8220;||-30px|||&#8220; custom_padding=&#8220;||1px|||&#8220; global_colors_info=&#8220;{}&#8220;][\/et_pb_divider][\/et_pb_column][\/et_pb_row][\/et_pb_section][et_pb_section fb_built=&#8220;1&#8243; _builder_version=&#8220;4.16&#8243; _module_preset=&#8220;default&#8220; custom_padding=&#8220;20px||20px||true|false&#8220; global_colors_info=&#8220;{}&#8220;][et_pb_row column_structure=&#8220;2_5,3_5&#8243; use_custom_gutter=&#8220;on&#8220; make_equal=&#8220;on&#8220; _builder_version=&#8220;4.16&#8243; _module_preset=&#8220;default&#8220; width=&#8220;90%&#8220; global_colors_info=&#8220;{}&#8220;][et_pb_column type=&#8220;2_5&#8243; _builder_version=&#8220;4.16&#8243; _module_preset=&#8220;default&#8220; background_image=&#8220;https:\/\/depert.com\/wp-content\/uploads\/2022\/02\/x7.jpg&#8220; global_colors_info=&#8220;{}&#8220;][et_pb_divider color=&#8220;rgba(0,65,115,0)&#8220; _builder_version=&#8220;4.16&#8243; _module_preset=&#8220;default&#8220; custom_padding=&#8220;||127px|||&#8220; global_colors_info=&#8220;{}&#8220;][\/et_pb_divider][\/et_pb_column][et_pb_column type=&#8220;3_5&#8243; _builder_version=&#8220;4.16&#8243; _module_preset=&#8220;default&#8220; custom_padding=&#8220;37px||37px||true|false&#8220; global_colors_info=&#8220;{}&#8220;][et_pb_text _builder_version=&#8220;4.16&#8243; _module_preset=&#8220;default&#8220; header_2_font=&#8220;Lato||||||||&#8220; header_2_text_color=&#8220;#000000&#8243; header_2_font_size=&#8220;29px&#8220; header_2_line_height=&#8220;1.2em&#8220; global_colors_info=&#8220;{}&#8220;]<\/p>\n<h2>Produktion<\/h2>\n<p>[\/et_pb_text][et_pb_divider divider_weight=&#8220;3px&#8220; _builder_version=&#8220;4.16&#8243; max_width=&#8220;72px&#8220; custom_margin=&#8220;-16px||||false|false&#8220; custom_margin_tablet=&#8220;-26px||||false|false&#8220; custom_margin_phone=&#8220;-26px||||false|false&#8220; custom_margin_last_edited=&#8220;on|phone&#8220; custom_padding=&#8220;0px|||&#8220; global_colors_info=&#8220;{}&#8220;][\/et_pb_divider][et_pb_text _builder_version=&#8220;4.16&#8243; _module_preset=&#8220;default&#8220; text_font=&#8220;Lato||||||||&#8220; text_font_size=&#8220;15px&#8220; custom_margin=&#8220;||3px|||&#8220; global_colors_info=&#8220;{}&#8220;]Die letzte Phase der Entwicklung eines neuen Produkts ist die Zulassung zur Massenproduktion. Es ist erw\u00e4hnenswert, dass die Rolle der F&amp;E auch in der letzten Phase nicht abgeschlossen ist, sondern sich zu einer kontinuierlichen T\u00e4tigkeit entwickelt, die auf die Verbesserung des Produkts abzielt. Die Beschaffungsabteilung konzentriert sich auf die Qualit\u00e4ts- und Mengenkontrolle und die Lieferantenbewertung.[\/et_pb_text][\/et_pb_column][\/et_pb_row][et_pb_row column_structure=&#8220;1_2,1_2&#8243; use_custom_gutter=&#8220;on&#8220; make_equal=&#8220;on&#8220; _builder_version=&#8220;4.16&#8243; _module_preset=&#8220;default&#8220; width=&#8220;90%&#8220; global_colors_info=&#8220;{}&#8220;][et_pb_column type=&#8220;1_2&#8243; _builder_version=&#8220;4.16&#8243; _module_preset=&#8220;default&#8220; custom_padding=&#8220;37px||37px||true|false&#8220; global_colors_info=&#8220;{}&#8220;][et_pb_text _builder_version=&#8220;4.16&#8243; _module_preset=&#8220;default&#8220; header_2_font=&#8220;Lato||||||||&#8220; header_2_text_color=&#8220;#000000&#8243; header_2_font_size=&#8220;29px&#8220; header_2_line_height=&#8220;1.2em&#8220; global_colors_info=&#8220;{}&#8220;]<\/p>\n<h2>Produktion<\/h2>\n<p>[\/et_pb_text][et_pb_divider divider_weight=&#8220;3px&#8220; _builder_version=&#8220;4.16&#8243; max_width=&#8220;72px&#8220; custom_margin=&#8220;-16px||||false|false&#8220; custom_margin_tablet=&#8220;-26px||||false|false&#8220; custom_margin_phone=&#8220;-26px||||false|false&#8220; custom_margin_last_edited=&#8220;on|phone&#8220; custom_padding=&#8220;0px|||&#8220; global_colors_info=&#8220;{}&#8220;][\/et_pb_divider][et_pb_text _builder_version=&#8220;4.16&#8243; _module_preset=&#8220;default&#8220; text_font=&#8220;Lato||||||||&#8220; text_font_size=&#8220;15px&#8220; custom_margin=&#8220;||3px|||&#8220; global_colors_info=&#8220;{}&#8220;]<\/p>\n<ul>\n<li>Die Aufgabe der Forschungs- und Entwicklungsabteilung wird als Continuous Improvement fortgesetzt, also als kontinuierliche Verbesserung des Produkts, auch nachdem es f\u00fcr die Massenproduktion und den Verkauf zugelassen wurde.<\/li>\n<li>Zusammenarbeit mit anderen Abteilungen, um die Kontinuit\u00e4t der Produktion zu gew\u00e4hrleisten.<\/li>\n<\/ul>\n<p>[\/et_pb_text][\/et_pb_column][et_pb_column type=&#8220;1_2&#8243; _builder_version=&#8220;4.16&#8243; _module_preset=&#8220;default&#8220; custom_padding=&#8220;37px||37px||true|false&#8220; global_colors_info=&#8220;{}&#8220;][et_pb_text _builder_version=&#8220;4.16&#8243; _module_preset=&#8220;default&#8220; header_2_font=&#8220;Lato||||||||&#8220; header_2_text_color=&#8220;#000000&#8243; header_2_font_size=&#8220;29px&#8220; header_2_line_height=&#8220;1.2em&#8220; global_colors_info=&#8220;{}&#8220;]<\/p>\n<h2>Materiallieferung<\/h2>\n<p>[\/et_pb_text][et_pb_divider divider_weight=&#8220;3px&#8220; _builder_version=&#8220;4.16&#8243; max_width=&#8220;72px&#8220; custom_margin=&#8220;-16px||||false|false&#8220; custom_margin_tablet=&#8220;-26px||||false|false&#8220; custom_margin_phone=&#8220;-26px||||false|false&#8220; custom_margin_last_edited=&#8220;on|phone&#8220; custom_padding=&#8220;0px|||&#8220; global_colors_info=&#8220;{}&#8220;][\/et_pb_divider][et_pb_text _builder_version=&#8220;4.16&#8243; _module_preset=&#8220;default&#8220; text_font=&#8220;Lato||||||||&#8220; text_font_size=&#8220;15px&#8220; custom_margin=&#8220;||3px|||&#8220; global_colors_info=&#8220;{}&#8220;]<\/p>\n<ul>\n<li>Kontinuierliche \u00dcberwachung der Lieferungen und Kontakt mit den Lieferanten.<\/li>\n<li>Kontrolle der Qualit\u00e4t der gelieferten Bauteile und \u00dcberpr\u00fcfung der rechtzeitigen Lieferung.<\/li>\n<li>Bewertung der Lieferanten.<\/li>\n<\/ul>\n<p>[\/et_pb_text][\/et_pb_column][\/et_pb_row][\/et_pb_section]<\/p>\n","protected":false},"excerpt":{"rendered":"<p>DienstleistungenWir unterst\u00fctzen Unternehmen in jeder Phase der Produktentwicklung.ProduktionDie letzte Phase der Entwicklung eines neuen Produkts ist die Zulassung zur Massenproduktion. Es ist erw\u00e4hnenswert, dass die Rolle der F&amp;E auch in der letzten Phase nicht abgeschlossen ist, sondern sich zu einer kontinuierlichen T\u00e4tigkeit entwickelt, die auf die Verbesserung des Produkts abzielt. Die Beschaffungsabteilung konzentriert sich auf [&hellip;]<\/p>\n","protected":false},"author":1,"featured_media":0,"parent":0,"menu_order":0,"comment_status":"closed","ping_status":"closed","template":"","meta":{"_et_pb_use_builder":"on","_et_pb_old_content":"","_et_gb_content_width":"","footnotes":""},"class_list":["post-690","page","type-page","status-publish","hentry"],"_links":{"self":[{"href":"https:\/\/depert.com\/de\/wp-json\/wp\/v2\/pages\/690","targetHints":{"allow":["GET"]}}],"collection":[{"href":"https:\/\/depert.com\/de\/wp-json\/wp\/v2\/pages"}],"about":[{"href":"https:\/\/depert.com\/de\/wp-json\/wp\/v2\/types\/page"}],"author":[{"embeddable":true,"href":"https:\/\/depert.com\/de\/wp-json\/wp\/v2\/users\/1"}],"replies":[{"embeddable":true,"href":"https:\/\/depert.com\/de\/wp-json\/wp\/v2\/comments?post=690"}],"version-history":[{"count":3,"href":"https:\/\/depert.com\/de\/wp-json\/wp\/v2\/pages\/690\/revisions"}],"predecessor-version":[{"id":736,"href":"https:\/\/depert.com\/de\/wp-json\/wp\/v2\/pages\/690\/revisions\/736"}],"wp:attachment":[{"href":"https:\/\/depert.com\/de\/wp-json\/wp\/v2\/media?parent=690"}],"curies":[{"name":"wp","href":"https:\/\/api.w.org\/{rel}","templated":true}]}}