{"id":672,"date":"2022-02-19T09:08:04","date_gmt":"2022-02-19T08:08:04","guid":{"rendered":"https:\/\/depert.com\/konzept\/"},"modified":"2022-05-12T13:28:00","modified_gmt":"2022-05-12T11:28:00","slug":"konzept","status":"publish","type":"page","link":"https:\/\/depert.com\/de\/konzept\/","title":{"rendered":"Konzept"},"content":{"rendered":"<p>[et_pb_section fb_built=&#8220;1&#8243; custom_padding_last_edited=&#8220;on|phone&#8220; _builder_version=&#8220;4.16&#8243; _module_preset=&#8220;default&#8220; background_enable_image=&#8220;off&#8220; background_position=&#8220;top_center&#8220; background_video_mp4=&#8220;https:\/\/depert.com\/wp-content\/uploads\/2022\/02\/tech.mp4&#8243; custom_padding=&#8220;0px||0px||false|false&#8220; custom_padding_tablet=&#8220;30px||30px||false|false&#8220; custom_padding_phone=&#8220;50px||50px||false|false&#8220; border_color_bottom=&#8220;#004173&#8243; global_colors_info=&#8220;{}&#8220;][et_pb_row use_custom_gutter=&#8220;on&#8220; make_equal=&#8220;on&#8220; custom_padding_last_edited=&#8220;on|phone&#8220; _builder_version=&#8220;4.16&#8243; _module_preset=&#8220;default&#8220; width=&#8220;90%&#8220; width_tablet=&#8220;90%&#8220; width_phone=&#8220;90%&#8220; width_last_edited=&#8220;on|tablet&#8220; max_width_tablet=&#8220;90%&#8220; max_width_phone=&#8220;90%&#8220; max_width_last_edited=&#8220;on|desktop&#8220; custom_padding=&#8220;12.6vh||12.6vh||true|false&#8220; custom_padding_tablet=&#8220;0vh||10px||false|false&#8220; custom_padding_phone=&#8220;0vh||0vh||true|false&#8220; animation_direction=&#8220;top&#8220; global_colors_info=&#8220;{}&#8220;][et_pb_column type=&#8220;4_4&#8243; _builder_version=&#8220;4.16&#8243; _module_preset=&#8220;default&#8220; global_colors_info=&#8220;{}&#8220;][et_pb_text _builder_version=&#8220;4.16&#8243; _module_preset=&#8220;default&#8220; header_font=&#8220;Lato|300|||||||&#8220; header_text_align=&#8220;left&#8220; header_text_color=&#8220;#004173&#8243; header_font_size=&#8220;44px&#8220; header_line_height=&#8220;1.2em&#8220; header_font_size_tablet=&#8220;50px&#8220; header_font_size_phone=&#8220;25px&#8220; header_font_size_last_edited=&#8220;on|phone&#8220; global_colors_info=&#8220;{}&#8220;]<\/p>\n<h1>Dienstleistungen<\/h1>\n<p>[\/et_pb_text][\/et_pb_column][\/et_pb_row][\/et_pb_section][et_pb_section fb_built=&#8220;1&#8243; _builder_version=&#8220;4.16&#8243; _module_preset=&#8220;default&#8220; background_color_gradient_direction=&#8220;212deg&#8220; background_color_gradient_start=&#8220;#f4f4f4&#8243; background_color_gradient_end=&#8220;#dddddd&#8220; background_enable_image=&#8220;off&#8220; custom_padding=&#8220;41px||0px||false|false&#8220; border_width_top=&#8220;22px&#8220; border_color_top=&#8220;#004173&#8243; global_colors_info=&#8220;{}&#8220;][et_pb_row column_structure=&#8220;1_4,1_4,1_4,1_4&#8243; module_class=&#8220;one-column&#8220; _builder_version=&#8220;4.16&#8243; _module_preset=&#8220;default&#8220; width=&#8220;90%&#8220; custom_padding=&#8220;6px||0px||false|false&#8220; global_colors_info=&#8220;{}&#8220;][et_pb_column type=&#8220;1_4&#8243; _builder_version=&#8220;4.16&#8243; _module_preset=&#8220;default&#8220; global_colors_info=&#8220;{}&#8220;][et_pb_blurb title=&#8220;Konzept&#8220; image=&#8220;https:\/\/depert.com\/wp-content\/uploads\/2022\/02\/number-one-1.png&#8220; image_icon_width=&#8220;32px&#8220; _builder_version=&#8220;4.17.3&#8243; _module_preset=&#8220;default&#8220; header_font=&#8220;Lato||||||||&#8220; header_text_align=&#8220;center&#8220; header_text_color=&#8220;#FFFFFF&#8220; header_font_size=&#8220;17px&#8220; header_line_height=&#8220;1.8em&#8220; background_color=&#8220;#004173&#8243; image_icon_custom_margin=&#8220;||-23px||false|false&#8220; custom_padding=&#8220;12px||3px||false|true&#8220; animation=&#8220;off&#8220; link_option_url=&#8220;https:\/\/depert.com\/de\/konzept\/&#8220; hover_enabled=&#8220;0&#8243; border_radii=&#8220;on|7px|7px|7px|7px&#8220; border_width_all=&#8220;2px&#8220; border_color_all=&#8220;#004173&#8243; global_colors_info=&#8220;{}&#8220; border_width_all__hover_enabled=&#8220;on|desktop&#8220; border_width_all__hover=&#8220;2px&#8220; border_color_all__hover_enabled=&#8220;on|desktop&#8220; border_color_all__hover=&#8220;#004173&#8243; sticky_enabled=&#8220;0&#8243;][\/et_pb_blurb][\/et_pb_column][et_pb_column type=&#8220;1_4&#8243; _builder_version=&#8220;4.16&#8243; _module_preset=&#8220;default&#8220; global_colors_info=&#8220;{}&#8220;][et_pb_blurb title=&#8220;Design&#8220; image=&#8220;https:\/\/depert.com\/wp-content\/uploads\/2022\/02\/number-2.png&#8220; image_icon_width=&#8220;32px&#8220; _builder_version=&#8220;4.17.3&#8243; _module_preset=&#8220;default&#8220; header_font=&#8220;Lato||||||||&#8220; header_text_align=&#8220;center&#8220; header_text_color=&#8220;#004173&#8243; header_font_size=&#8220;17px&#8220; header_line_height=&#8220;1.8em&#8220; background_color=&#8220;#d3d3d3&#8243; image_icon_custom_margin=&#8220;||-23px||false|false&#8220; custom_padding=&#8220;12px||3px||false|true&#8220; animation=&#8220;off&#8220; link_option_url=&#8220;https:\/\/depert.com\/de\/design\/&#8220; hover_enabled=&#8220;0&#8243; border_radii=&#8220;on|7px|7px|7px|7px&#8220; border_width_all=&#8220;2px&#8220; border_color_all=&#8220;#d3d3d3&#8243; global_colors_info=&#8220;{}&#8220; border_width_all__hover_enabled=&#8220;on|desktop&#8220; border_width_all__hover=&#8220;2px&#8220; border_color_all__hover_enabled=&#8220;on|desktop&#8220; border_color_all__hover=&#8220;#004173&#8243; sticky_enabled=&#8220;0&#8243;][\/et_pb_blurb][\/et_pb_column][et_pb_column type=&#8220;1_4&#8243; _builder_version=&#8220;4.16&#8243; _module_preset=&#8220;default&#8220; global_colors_info=&#8220;{}&#8220;][et_pb_blurb title=&#8220;Protyping&#8220; image=&#8220;https:\/\/depert.com\/wp-content\/uploads\/2022\/02\/number-3.png&#8220; image_icon_width=&#8220;32px&#8220; _builder_version=&#8220;4.17.3&#8243; _module_preset=&#8220;default&#8220; header_font=&#8220;Lato||||||||&#8220; header_text_align=&#8220;center&#8220; header_text_color=&#8220;#004173&#8243; header_font_size=&#8220;17px&#8220; header_line_height=&#8220;1.8em&#8220; background_color=&#8220;#d3d3d3&#8243; image_icon_custom_margin=&#8220;||-23px||false|false&#8220; custom_padding=&#8220;12px||3px||false|true&#8220; animation=&#8220;off&#8220; link_option_url=&#8220;https:\/\/depert.com\/de\/protyping\/&#8220; hover_enabled=&#8220;0&#8243; border_radii=&#8220;on|7px|7px|7px|7px&#8220; border_width_all=&#8220;2px&#8220; border_color_all=&#8220;#d3d3d3&#8243; global_colors_info=&#8220;{}&#8220; border_width_all__hover_enabled=&#8220;on|desktop&#8220; border_width_all__hover=&#8220;2px&#8220; border_color_all__hover_enabled=&#8220;on|desktop&#8220; border_color_all__hover=&#8220;#004173&#8243; sticky_enabled=&#8220;0&#8243;][\/et_pb_blurb][\/et_pb_column][et_pb_column type=&#8220;1_4&#8243; _builder_version=&#8220;4.16&#8243; _module_preset=&#8220;default&#8220; global_colors_info=&#8220;{}&#8220;][et_pb_blurb title=&#8220;Zulassung&#8220; image=&#8220;https:\/\/depert.com\/wp-content\/uploads\/2022\/02\/number-four-1.png&#8220; image_icon_width=&#8220;32px&#8220; _builder_version=&#8220;4.17.3&#8243; _module_preset=&#8220;default&#8220; header_font=&#8220;Lato||||||||&#8220; header_text_align=&#8220;center&#8220; header_text_color=&#8220;#004173&#8243; header_font_size=&#8220;17px&#8220; header_line_height=&#8220;1.8em&#8220; background_color=&#8220;#d3d3d3&#8243; image_icon_custom_margin=&#8220;||-23px||false|false&#8220; custom_padding=&#8220;12px||3px||false|true&#8220; animation=&#8220;off&#8220; link_option_url=&#8220;https:\/\/depert.com\/de\/zulassung\/&#8220; hover_enabled=&#8220;0&#8243; border_radii=&#8220;on|7px|7px|7px|7px&#8220; border_width_all=&#8220;2px&#8220; border_color_all=&#8220;#d3d3d3&#8243; global_colors_info=&#8220;{}&#8220; border_width_all__hover_enabled=&#8220;on|desktop&#8220; border_width_all__hover=&#8220;2px&#8220; border_color_all__hover_enabled=&#8220;on|desktop&#8220; border_color_all__hover=&#8220;#004173&#8243; sticky_enabled=&#8220;0&#8243;][\/et_pb_blurb][\/et_pb_column][\/et_pb_row][et_pb_row column_structure=&#8220;1_4,1_4,1_4,1_4&#8243; _builder_version=&#8220;4.16&#8243; _module_preset=&#8220;default&#8220; width=&#8220;90%&#8220; custom_padding=&#8220;20px||0px||false|false&#8220; global_colors_info=&#8220;{}&#8220;][et_pb_column type=&#8220;1_4&#8243; _builder_version=&#8220;4.16&#8243; _module_preset=&#8220;default&#8220; global_colors_info=&#8220;{}&#8220;][et_pb_blurb title=&#8220;Pilotproduktion&#8220; image=&#8220;https:\/\/depert.com\/wp-content\/uploads\/2022\/02\/number-5-1.png&#8220; image_icon_width=&#8220;32px&#8220; _builder_version=&#8220;4.17.3&#8243; _module_preset=&#8220;default&#8220; header_font=&#8220;Lato||||||||&#8220; header_text_align=&#8220;center&#8220; header_text_color=&#8220;#004173&#8243; header_font_size=&#8220;17px&#8220; header_line_height=&#8220;1.8em&#8220; background_color=&#8220;#d3d3d3&#8243; image_icon_custom_margin=&#8220;||-23px||false|false&#8220; custom_padding=&#8220;12px||3px||false|true&#8220; animation=&#8220;off&#8220; link_option_url=&#8220;https:\/\/depert.com\/de\/pilotproduktion\/&#8220; hover_enabled=&#8220;0&#8243; border_radii=&#8220;on|7px|7px|7px|7px&#8220; border_width_all=&#8220;2px&#8220; border_color_all=&#8220;#d3d3d3&#8243; global_colors_info=&#8220;{}&#8220; border_width_all__hover_enabled=&#8220;on|desktop&#8220; border_width_all__hover=&#8220;2px&#8220; border_color_all__hover_enabled=&#8220;on|desktop&#8220; border_color_all__hover=&#8220;#004173&#8243; sticky_enabled=&#8220;0&#8243;][\/et_pb_blurb][\/et_pb_column][et_pb_column type=&#8220;1_4&#8243; _builder_version=&#8220;4.16&#8243; _module_preset=&#8220;default&#8220; global_colors_info=&#8220;{}&#8220;][et_pb_blurb title=&#8220;Qualit\u00e4tskontrolle&#8220; image=&#8220;https:\/\/depert.com\/wp-content\/uploads\/2022\/02\/six-1.png&#8220; image_icon_width=&#8220;32px&#8220; _builder_version=&#8220;4.17.3&#8243; _module_preset=&#8220;default&#8220; header_font=&#8220;Lato||||||||&#8220; header_text_align=&#8220;center&#8220; header_text_color=&#8220;#004173&#8243; header_font_size=&#8220;17px&#8220; header_line_height=&#8220;1.8em&#8220; background_color=&#8220;#d3d3d3&#8243; image_icon_custom_margin=&#8220;||-23px||false|false&#8220; custom_padding=&#8220;12px||3px||false|true&#8220; animation=&#8220;off&#8220; link_option_url=&#8220;https:\/\/depert.com\/de\/qualitaetskontrolle\/&#8220; hover_enabled=&#8220;0&#8243; border_radii=&#8220;on|7px|7px|7px|7px&#8220; border_width_all=&#8220;2px&#8220; border_color_all=&#8220;#d3d3d3&#8243; global_colors_info=&#8220;{}&#8220; border_width_all__hover_enabled=&#8220;on|desktop&#8220; border_width_all__hover=&#8220;2px&#8220; border_color_all__hover_enabled=&#8220;on|desktop&#8220; border_color_all__hover=&#8220;#004173&#8243; sticky_enabled=&#8220;0&#8243;][\/et_pb_blurb][\/et_pb_column][et_pb_column type=&#8220;1_4&#8243; _builder_version=&#8220;4.16&#8243; _module_preset=&#8220;default&#8220; global_colors_info=&#8220;{}&#8220;][et_pb_blurb title=&#8220;Produktion&#8220; image=&#8220;https:\/\/depert.com\/wp-content\/uploads\/2022\/02\/seven-1.png&#8220; image_icon_width=&#8220;32px&#8220; _builder_version=&#8220;4.17.3&#8243; _module_preset=&#8220;default&#8220; header_font=&#8220;Lato||||||||&#8220; header_text_align=&#8220;center&#8220; header_text_color=&#8220;#004173&#8243; header_font_size=&#8220;17px&#8220; header_line_height=&#8220;1.8em&#8220; background_color=&#8220;#d3d3d3&#8243; image_icon_custom_margin=&#8220;||-23px||false|false&#8220; custom_padding=&#8220;12px||3px||false|true&#8220; animation=&#8220;off&#8220; link_option_url=&#8220;https:\/\/depert.com\/de\/produktion\/&#8220; hover_enabled=&#8220;0&#8243; border_radii=&#8220;on|7px|7px|7px|7px&#8220; border_width_all=&#8220;2px&#8220; border_color_all=&#8220;#d3d3d3&#8243; global_colors_info=&#8220;{}&#8220; border_width_all__hover_enabled=&#8220;on|desktop&#8220; border_width_all__hover=&#8220;2px&#8220; border_color_all__hover_enabled=&#8220;on|desktop&#8220; border_color_all__hover=&#8220;#004173&#8243; sticky_enabled=&#8220;0&#8243;][\/et_pb_blurb][\/et_pb_column][et_pb_column type=&#8220;1_4&#8243; _builder_version=&#8220;4.16&#8243; _module_preset=&#8220;default&#8220; global_colors_info=&#8220;{}&#8220;][\/et_pb_column][\/et_pb_row][et_pb_row _builder_version=&#8220;4.16&#8243; _module_preset=&#8220;default&#8220; width=&#8220;90%&#8220; custom_padding=&#8220;6px||0px||false|false&#8220; global_colors_info=&#8220;{}&#8220;][et_pb_column type=&#8220;4_4&#8243; _builder_version=&#8220;4.16&#8243; _module_preset=&#8220;default&#8220; global_colors_info=&#8220;{}&#8220;][et_pb_text _builder_version=&#8220;4.16&#8243; _module_preset=&#8220;default&#8220; header_2_font=&#8220;Lato||||||||&#8220; header_2_text_color=&#8220;#004173&#8243; header_2_font_size=&#8220;29px&#8220; header_2_line_height=&#8220;1.2em&#8220; custom_margin=&#8220;13px||-7px|||&#8220; custom_padding=&#8220;11px||34px|||&#8220; global_colors_info=&#8220;{}&#8220;]<\/p>\n<h2 style=\"text-align: center;\">Wir unterst\u00fctzen Unternehmen in jeder Phase der Produktentwicklung.<\/h2>\n<p>[\/et_pb_text][et_pb_divider _builder_version=&#8220;4.16&#8243; _module_preset=&#8220;default&#8220; custom_margin=&#8220;||-30px|||&#8220; custom_padding=&#8220;||1px|||&#8220; global_colors_info=&#8220;{}&#8220;][\/et_pb_divider][\/et_pb_column][\/et_pb_row][\/et_pb_section][et_pb_section fb_built=&#8220;1&#8243; _builder_version=&#8220;4.16&#8243; _module_preset=&#8220;default&#8220; custom_padding=&#8220;20px||20px||true|false&#8220; global_colors_info=&#8220;{}&#8220;][et_pb_row column_structure=&#8220;2_5,3_5&#8243; use_custom_gutter=&#8220;on&#8220; make_equal=&#8220;on&#8220; _builder_version=&#8220;4.16&#8243; _module_preset=&#8220;default&#8220; width=&#8220;90%&#8220; global_colors_info=&#8220;{}&#8220;][et_pb_column type=&#8220;2_5&#8243; _builder_version=&#8220;4.16&#8243; _module_preset=&#8220;default&#8220; background_image=&#8220;https:\/\/depert.com\/wp-content\/uploads\/2022\/03\/p0.jpg&#8220; global_colors_info=&#8220;{}&#8220;][et_pb_divider color=&#8220;rgba(0,65,115,0)&#8220; _builder_version=&#8220;4.16&#8243; _module_preset=&#8220;default&#8220; custom_padding=&#8220;||127px|||&#8220; global_colors_info=&#8220;{}&#8220;][\/et_pb_divider][\/et_pb_column][et_pb_column type=&#8220;3_5&#8243; _builder_version=&#8220;4.16&#8243; _module_preset=&#8220;default&#8220; custom_padding=&#8220;37px||37px||true|false&#8220; global_colors_info=&#8220;{}&#8220;][et_pb_text _builder_version=&#8220;4.16&#8243; _module_preset=&#8220;default&#8220; header_2_font=&#8220;Lato||||||||&#8220; header_2_text_color=&#8220;#000000&#8243; header_2_font_size=&#8220;29px&#8220; header_2_line_height=&#8220;1.2em&#8220; global_colors_info=&#8220;{}&#8220;]<\/p>\n<h2>Konzept<\/h2>\n<p>[\/et_pb_text][et_pb_divider divider_weight=&#8220;3px&#8220; _builder_version=&#8220;4.16&#8243; max_width=&#8220;72px&#8220; custom_margin=&#8220;-16px||||false|false&#8220; custom_margin_tablet=&#8220;-26px||||false|false&#8220; custom_margin_phone=&#8220;-26px||||false|false&#8220; custom_margin_last_edited=&#8220;on|phone&#8220; custom_padding=&#8220;0px|||&#8220; global_colors_info=&#8220;{}&#8220;][\/et_pb_divider][et_pb_text _builder_version=&#8220;4.16&#8243; _module_preset=&#8220;default&#8220; text_font=&#8220;Lato||||||||&#8220; text_font_size=&#8220;15px&#8220; custom_margin=&#8220;||3px|||&#8220; global_colors_info=&#8220;{}&#8220;]<\/p>\n<p>Konzept ist die erste Phase von NPD (Neuproduktentwicklung). Sie ist entscheidend, weil die n\u00e4chsten Schritte davon abh\u00e4ngen. In dieser Phase werden nicht nur verschiedene L\u00f6sungsm\u00f6glichkeiten vorgestellt, sondern es wird auch ein Lieferantenplan erstellt und nach geeigneten Gesch\u00e4ftspartnern gesucht.<\/p>\n<p>[\/et_pb_text][\/et_pb_column][\/et_pb_row][et_pb_row column_structure=&#8220;1_2,1_2&#8243; use_custom_gutter=&#8220;on&#8220; make_equal=&#8220;on&#8220; _builder_version=&#8220;4.16&#8243; _module_preset=&#8220;default&#8220; width=&#8220;90%&#8220; global_colors_info=&#8220;{}&#8220;][et_pb_column type=&#8220;1_2&#8243; _builder_version=&#8220;4.16&#8243; _module_preset=&#8220;default&#8220; custom_padding=&#8220;37px||37px||true|false&#8220; global_colors_info=&#8220;{}&#8220;][et_pb_text _builder_version=&#8220;4.16&#8243; _module_preset=&#8220;default&#8220; header_2_font=&#8220;Lato||||||||&#8220; header_2_text_color=&#8220;#000000&#8243; header_2_font_size=&#8220;29px&#8220; header_2_line_height=&#8220;1.2em&#8220; global_colors_info=&#8220;{}&#8220;]<\/p>\n<h2>Konzeptplanung<\/h2>\n<p>[\/et_pb_text][et_pb_divider divider_weight=&#8220;3px&#8220; _builder_version=&#8220;4.16&#8243; max_width=&#8220;72px&#8220; custom_margin=&#8220;-16px||||false|false&#8220; custom_margin_tablet=&#8220;-26px||||false|false&#8220; custom_margin_phone=&#8220;-26px||||false|false&#8220; custom_margin_last_edited=&#8220;on|phone&#8220; custom_padding=&#8220;0px|||&#8220; global_colors_info=&#8220;{}&#8220;][\/et_pb_divider][et_pb_text _builder_version=&#8220;4.16&#8243; _module_preset=&#8220;default&#8220; text_font=&#8220;Lato||||||||&#8220; text_font_size=&#8220;15px&#8220; custom_margin=&#8220;||3px|||&#8220; global_colors_info=&#8220;{}&#8220;]<\/p>\n<ul>\n<li>Darlegung und Besprechung von Ideen und L\u00f6sungskonzepten.<\/li>\n<li>Analyse der von den Wettbewerbern verwendeten L\u00f6sungen.<\/li>\n<li>Analyse der Ergonomie der L\u00f6sung.<\/li>\n<li>\u00dcberpr\u00fcfung der Machbarkeit der vorgeschlagenen Entwurfl\u00f6sung.<\/li>\n<li>\u00dcberpr\u00fcfung und Analyse der Kinematik.<\/li>\n<li>Erstellung professioneller Animationen, um das neue Produkt optimal zu pr\u00e4sentieren.<\/li>\n<\/ul>\n<p>[\/et_pb_text][\/et_pb_column][et_pb_column type=&#8220;1_2&#8243; _builder_version=&#8220;4.16&#8243; _module_preset=&#8220;default&#8220; custom_padding=&#8220;37px||37px||true|false&#8220; global_colors_info=&#8220;{}&#8220;][et_pb_text _builder_version=&#8220;4.16&#8243; _module_preset=&#8220;default&#8220; header_2_font=&#8220;Lato||||||||&#8220; header_2_text_color=&#8220;#000000&#8243; header_2_font_size=&#8220;29px&#8220; header_2_line_height=&#8220;1.2em&#8220; global_colors_info=&#8220;{}&#8220;]<\/p>\n<h2>Ausarbeitung eines Plans f\u00fcr Lieferanten<\/h2>\n<p>[\/et_pb_text][et_pb_divider divider_weight=&#8220;3px&#8220; _builder_version=&#8220;4.16&#8243; max_width=&#8220;72px&#8220; custom_margin=&#8220;-16px||||false|false&#8220; custom_margin_tablet=&#8220;-26px||||false|false&#8220; custom_margin_phone=&#8220;-26px||||false|false&#8220; custom_margin_last_edited=&#8220;on|phone&#8220; custom_padding=&#8220;0px|||&#8220; global_colors_info=&#8220;{}&#8220;][\/et_pb_divider][et_pb_text _builder_version=&#8220;4.16&#8243; _module_preset=&#8220;default&#8220; text_font=&#8220;Lato||||||||&#8220; text_font_size=&#8220;15px&#8220; custom_margin=&#8220;||3px|||&#8220; global_colors_info=&#8220;{}&#8220;]<\/p>\n<ul>\n<li>Analyse der derzeitigen Lieferantenbasis.<\/li>\n<li>Pr\u00fcfung, ob die untersuchten Lieferanten in der Lage sind, die entworfenen Einzelteile zu produzieren.<\/li>\n<li>Wenn ja, gehen wir zu einer umfassenden Zusammenarbeit \u00fcber.<\/li>\n<li>Wenn die Lieferanten nicht in der Lage sind, entsprechenden Bestandteile zu produzieren, gehen wir zur Marktanalyse \u00fcber und suchen nach neuen Lieferanten.<\/li>\n<\/ul>\n<p>[\/et_pb_text][\/et_pb_column][\/et_pb_row][\/et_pb_section]<\/p>\n","protected":false},"excerpt":{"rendered":"<p>DienstleistungenWir unterst\u00fctzen Unternehmen in jeder Phase der Produktentwicklung.KonzeptKonzept ist die erste Phase von NPD (Neuproduktentwicklung). Sie ist entscheidend, weil die n\u00e4chsten Schritte davon abh\u00e4ngen. In dieser Phase werden nicht nur verschiedene L\u00f6sungsm\u00f6glichkeiten vorgestellt, sondern es wird auch ein Lieferantenplan erstellt und nach geeigneten Gesch\u00e4ftspartnern gesucht.Konzeptplanung Darlegung und Besprechung von Ideen und L\u00f6sungskonzepten. Analyse der von [&hellip;]<\/p>\n","protected":false},"author":1,"featured_media":0,"parent":0,"menu_order":0,"comment_status":"closed","ping_status":"closed","template":"","meta":{"_et_pb_use_builder":"on","_et_pb_old_content":"","_et_gb_content_width":"","footnotes":""},"class_list":["post-672","page","type-page","status-publish","hentry"],"_links":{"self":[{"href":"https:\/\/depert.com\/de\/wp-json\/wp\/v2\/pages\/672","targetHints":{"allow":["GET"]}}],"collection":[{"href":"https:\/\/depert.com\/de\/wp-json\/wp\/v2\/pages"}],"about":[{"href":"https:\/\/depert.com\/de\/wp-json\/wp\/v2\/types\/page"}],"author":[{"embeddable":true,"href":"https:\/\/depert.com\/de\/wp-json\/wp\/v2\/users\/1"}],"replies":[{"embeddable":true,"href":"https:\/\/depert.com\/de\/wp-json\/wp\/v2\/comments?post=672"}],"version-history":[{"count":3,"href":"https:\/\/depert.com\/de\/wp-json\/wp\/v2\/pages\/672\/revisions"}],"predecessor-version":[{"id":728,"href":"https:\/\/depert.com\/de\/wp-json\/wp\/v2\/pages\/672\/revisions\/728"}],"wp:attachment":[{"href":"https:\/\/depert.com\/de\/wp-json\/wp\/v2\/media?parent=672"}],"curies":[{"name":"wp","href":"https:\/\/api.w.org\/{rel}","templated":true}]}}