{"id":669,"date":"2022-02-18T20:30:08","date_gmt":"2022-02-18T19:30:08","guid":{"rendered":"https:\/\/depert.com\/procurement-as-a-service\/"},"modified":"2022-05-12T09:48:28","modified_gmt":"2022-05-12T07:48:28","slug":"procurement-as-a-service","status":"publish","type":"page","link":"https:\/\/depert.com\/de\/procurement-as-a-service\/","title":{"rendered":"Procurement as a Service"},"content":{"rendered":"<p>[et_pb_section fb_built=&#8220;1&#8243; custom_padding_last_edited=&#8220;on|phone&#8220; _builder_version=&#8220;4.14.7&#8243; _module_preset=&#8220;default&#8220; background_enable_image=&#8220;off&#8220; background_position=&#8220;top_center&#8220; background_video_mp4=&#8220;https:\/\/depert.com\/wp-content\/uploads\/2022\/02\/tech.mp4&#8243; custom_padding=&#8220;0px||0px||false|false&#8220; custom_padding_tablet=&#8220;30px||30px||false|false&#8220; custom_padding_phone=&#8220;50px||50px||false|false&#8220; border_color_bottom=&#8220;#004173&#8243; global_colors_info=&#8220;{}&#8220;][et_pb_row use_custom_gutter=&#8220;on&#8220; make_equal=&#8220;on&#8220; custom_padding_last_edited=&#8220;on|phone&#8220; _builder_version=&#8220;4.14.7&#8243; _module_preset=&#8220;default&#8220; width=&#8220;90%&#8220; width_tablet=&#8220;90%&#8220; width_phone=&#8220;90%&#8220; width_last_edited=&#8220;on|tablet&#8220; max_width_tablet=&#8220;90%&#8220; max_width_phone=&#8220;90%&#8220; max_width_last_edited=&#8220;on|desktop&#8220; custom_padding=&#8220;12.6vh||12.6vh||true|false&#8220; custom_padding_tablet=&#8220;0vh||10px||false|false&#8220; custom_padding_phone=&#8220;0vh||0vh||true|false&#8220; animation_direction=&#8220;top&#8220; global_colors_info=&#8220;{}&#8220;][et_pb_column type=&#8220;4_4&#8243; _builder_version=&#8220;4.14.2&#8243; _module_preset=&#8220;default&#8220; global_colors_info=&#8220;{}&#8220;][et_pb_text _builder_version=&#8220;4.14.8&#8243; _dynamic_attributes=&#8220;content&#8220; _module_preset=&#8220;default&#8220; header_font=&#8220;|300|||||||&#8220; header_text_align=&#8220;left&#8220; header_text_color=&#8220;#004173&#8243; header_font_size=&#8220;44px&#8220; header_line_height=&#8220;1.2em&#8220; hover_enabled=&#8220;0&#8243; header_font_size_tablet=&#8220;50px&#8220; header_font_size_phone=&#8220;25px&#8220; header_font_size_last_edited=&#8220;on|phone&#8220; global_colors_info=&#8220;{}&#8220; sticky_enabled=&#8220;0&#8243;]@ET-DC@eyJkeW5hbWljIjp0cnVlLCJjb250ZW50IjoicG9zdF90aXRsZSIsInNldHRpbmdzIjp7ImJlZm9yZSI6IjxoMT4iLCJhZnRlciI6IjxcL2gxPiJ9fQ==@[\/et_pb_text][\/et_pb_column][\/et_pb_row][\/et_pb_section][et_pb_section fb_built=&#8220;1&#8243; _builder_version=&#8220;4.14.7&#8243; _module_preset=&#8220;default&#8220; background_image=&#8220;https:\/\/depert.com\/wp-content\/uploads\/2022\/02\/map.png&#8220; custom_padding=&#8220;60px||60px||true|&#8220; border_width_top=&#8220;22px&#8220; border_color_top=&#8220;#004173&#8243; global_colors_info=&#8220;{}&#8220;][et_pb_row _builder_version=&#8220;4.14.7&#8243; _module_preset=&#8220;default&#8220; width=&#8220;90%&#8220; custom_padding=&#8220;6px||0px||false|false&#8220; global_colors_info=&#8220;{}&#8220;][et_pb_column type=&#8220;4_4&#8243; _builder_version=&#8220;4.14.7&#8243; _module_preset=&#8220;default&#8220; global_colors_info=&#8220;{}&#8220;][et_pb_text _builder_version=&#8220;4.14.8&#8243; _module_preset=&#8220;default&#8220; header_2_font=&#8220;||||||||&#8220; header_2_text_color=&#8220;#004173&#8243; header_2_font_size=&#8220;29px&#8220; header_2_line_height=&#8220;1.2em&#8220; custom_margin=&#8220;||-7px|||&#8220; custom_padding=&#8220;||9px|||&#8220; hover_enabled=&#8220;0&#8243; global_colors_info=&#8220;{}&#8220; sticky_enabled=&#8220;0&#8243;]<\/p>\n<h2>Beschaffung als Dienstleistung? Kennen Sie die Beschaffungsabteilung von DEPERT lernen<\/h2>\n<p>[\/et_pb_text][et_pb_text _builder_version=&#8220;4.14.8&#8243; _module_preset=&#8220;default&#8220; text_font=&#8220;||||||||&#8220; text_font_size=&#8220;15px&#8220; custom_margin=&#8220;||33px|||&#8220; hover_enabled=&#8220;0&#8243; global_colors_info=&#8220;{}&#8220; sticky_enabled=&#8220;0&#8243;]<\/p>\n<p>Nur wenige Fertigungsunternehmen wissen, dass auch der Einkaufsprozess ausgelagert werden kann. Dies ist eine \u00e4u\u00dferst praktische Option, da sie Zeit und Ressourcen spart, die die Gesamtkosten der Produktentwicklung erheblich erh\u00f6hen k\u00f6nnen.<\/p>\n<p>Bei einem effektiven Beschaffungsprozess geht es jedoch nicht nur darum, die richtigen Lieferanten zu finden. Als Unternehmen, das das PaaS-Modell (Procurement as a Service) stark weiterentwickelt, bieten wir unseren Kunden eine erfahrene Beschaffungsabteilung, die sich aus Experten zusammensetzt, die sie in jeder Phase der Beschaffung unterst\u00fctzen.<\/p>\n<p>[\/et_pb_text][et_pb_divider _builder_version=&#8220;4.14.7&#8243; _module_preset=&#8220;default&#8220; custom_padding=&#8220;||1px|||&#8220; global_colors_info=&#8220;{}&#8220;][\/et_pb_divider][\/et_pb_column][\/et_pb_row][et_pb_row _builder_version=&#8220;4.14.7&#8243; _module_preset=&#8220;default&#8220; width=&#8220;90%&#8220; custom_padding=&#8220;6px||0px||false|false&#8220; global_colors_info=&#8220;{}&#8220;][et_pb_column type=&#8220;4_4&#8243; _builder_version=&#8220;4.14.7&#8243; _module_preset=&#8220;default&#8220; global_colors_info=&#8220;{}&#8220;][et_pb_text _builder_version=&#8220;4.14.8&#8243; _module_preset=&#8220;default&#8220; header_2_font=&#8220;||||||||&#8220; header_2_text_color=&#8220;#004173&#8243; header_2_font_size=&#8220;29px&#8220; header_2_line_height=&#8220;1.2em&#8220; custom_margin=&#8220;||-7px|||&#8220; custom_padding=&#8220;||9px|||&#8220; hover_enabled=&#8220;0&#8243; global_colors_info=&#8220;{}&#8220; sticky_enabled=&#8220;0&#8243;]<\/p>\n<h2>Outsourcing von Beschaffungsprozessen bei DEPERT<\/h2>\n<p>[\/et_pb_text][et_pb_text _builder_version=&#8220;4.14.8&#8243; _module_preset=&#8220;default&#8220; text_font=&#8220;||||||||&#8220; text_font_size=&#8220;15px&#8220; custom_margin=&#8220;||33px|||&#8220; hover_enabled=&#8220;0&#8243; global_colors_info=&#8220;{}&#8220; sticky_enabled=&#8220;0&#8243;]<\/p>\n<p>Outsourcing von Einkaufsprozessen ist ein perfekt skalierbarer Weg zum Wachstum Ihres Unternehmens. Kostensenkung, Auswahl und Zulassung von Lieferanten, Preisverhandlungen &#8211; das sind nur einige Beispiele f\u00fcr die von uns angebotenen T\u00e4tigkeiten. Wir betrachten PaaS sowohl aus strategischer als auch aus operativer Sicht. Beschaffung als Dienstleistung besteht aus strategischer Sicht in der Suche und Qualit\u00e4tspr\u00fcfung von Lieferanten, der Aushandlung von Preisen, der Erstellung von Einkaufslisten, der Vorbereitung von Vertr\u00e4gen und Transportdokumenten sowie der Organisation von Lieferungen. Aus der operativen Perspektive bedeutet das, dass wir die t\u00e4glichen, sich wiederholenden T\u00e4tigkeiten im Zusammenhang mit dem Bestellprozess, der Verwaltung von Rechnungen und Handelsdokumenten, der Verwaltung der Lagerbest\u00e4nde und der \u00dcberwachung der Lieferungen \u00fcbernehmen.<\/p>\n<p>[\/et_pb_text][et_pb_divider _builder_version=&#8220;4.14.7&#8243; _module_preset=&#8220;default&#8220; custom_padding=&#8220;||1px|||&#8220; global_colors_info=&#8220;{}&#8220;][\/et_pb_divider][\/et_pb_column][\/et_pb_row][et_pb_row _builder_version=&#8220;4.14.7&#8243; _module_preset=&#8220;default&#8220; width=&#8220;90%&#8220; custom_padding=&#8220;6px||0px||false|false&#8220; global_colors_info=&#8220;{}&#8220;][et_pb_column type=&#8220;4_4&#8243; _builder_version=&#8220;4.14.7&#8243; _module_preset=&#8220;default&#8220; global_colors_info=&#8220;{}&#8220;][et_pb_text _builder_version=&#8220;4.14.8&#8243; _module_preset=&#8220;default&#8220; header_2_font=&#8220;||||||||&#8220; header_2_text_color=&#8220;#004173&#8243; header_2_font_size=&#8220;29px&#8220; header_2_line_height=&#8220;1.2em&#8220; custom_margin=&#8220;||-7px|||&#8220; custom_padding=&#8220;||9px|||&#8220; hover_enabled=&#8220;0&#8243; global_colors_info=&#8220;{}&#8220; sticky_enabled=&#8220;0&#8243;]<\/p>\n<h2>Vorteile der Einbeziehung der Beschaffungsabteilung in das PaaS-Modell<\/h2>\n<p>[\/et_pb_text][et_pb_text _builder_version=&#8220;4.14.8&#8243; _module_preset=&#8220;default&#8220; text_font=&#8220;||||||||&#8220; text_font_size=&#8220;15px&#8220; custom_margin=&#8220;||3px|||&#8220; hover_enabled=&#8220;0&#8243; global_colors_info=&#8220;{}&#8220; sticky_enabled=&#8220;0&#8243;]<\/p>\n<p>Es ist wichtig zu wissen, dass das Produktdesign eine entscheidende Rolle im gesamten Herstellungsprozess spielt und den gr\u00f6\u00dften Mehrwert bietet. Das Design eines Produkts bestimmt seine Gesamtkosten, seine Qualit\u00e4t und seinen Lebenszyklus. Diese drei Faktoren entscheiden oft \u00fcber den Erfolg oder Misserfolg des zu entwickelnden Produkts. Das Design hat einen gro\u00dfen Einfluss auf die zuk\u00fcnftigen Kosten f\u00fcr Material, Arbeitskraft und Management \u2013 aus unserer Erfahrung ergibt sich, dass sogar 70-80% aller Produktkosten auf das Design und Material, aus dem das Produkt hergestellt ist, zur\u00fcckzuf\u00fchren sind. Unsere Kunden best\u00e4tigen, dass die Einbindung einer erfahrenen Beschaffungsabteilung bereits in der Phase des Bauteildesigns die zuk\u00fcnftigen Kosten um bis zu 20 % senken kann.<\/p>\n<p>[\/et_pb_text][\/et_pb_column][\/et_pb_row][\/et_pb_section][et_pb_section fb_built=&#8220;1&#8243; _builder_version=&#8220;4.14.7&#8243; _module_preset=&#8220;default&#8220; background_image=&#8220;https:\/\/depert.com\/wp-content\/uploads\/2022\/02\/02.jpg&#8220; parallax=&#8220;on&#8220; parallax_method=&#8220;off&#8220; global_colors_info=&#8220;{}&#8220;][et_pb_row _builder_version=&#8220;4.14.7&#8243; _module_preset=&#8220;default&#8220; width=&#8220;90%&#8220; custom_padding=&#8220;||24px|||&#8220; global_colors_info=&#8220;{}&#8220;][et_pb_column type=&#8220;4_4&#8243; _builder_version=&#8220;4.14.7&#8243; _module_preset=&#8220;default&#8220; global_colors_info=&#8220;{}&#8220;][et_pb_text _builder_version=&#8220;4.14.8&#8243; _module_preset=&#8220;default&#8220; header_2_font=&#8220;||||||||&#8220; header_2_text_align=&#8220;center&#8220; header_2_text_color=&#8220;#FFFFFF&#8220; header_2_font_size=&#8220;29px&#8220; header_2_line_height=&#8220;1.2em&#8220; custom_margin=&#8220;||8px|||&#8220; hover_enabled=&#8220;0&#8243; global_colors_info=&#8220;{}&#8220; sticky_enabled=&#8220;0&#8243;]<\/p>\n<h2>Derzeit beziehen nur etwa 12 % der Unternehmen die Beschaffungsabteilung in dieser fr\u00fchen Phase ein..<\/h2>\n<p>[\/et_pb_text][et_pb_divider color=&#8220;#FFFFFF&#8220; _builder_version=&#8220;4.14.7&#8243; _module_preset=&#8220;default&#8220; custom_margin=&#8220;21px|||||&#8220; global_colors_info=&#8220;{}&#8220;][\/et_pb_divider][\/et_pb_column][\/et_pb_row][et_pb_row _builder_version=&#8220;4.14.7&#8243; _module_preset=&#8220;default&#8220; width=&#8220;90%&#8220; custom_margin=&#8220;-8px|auto||auto||&#8220; custom_padding=&#8220;9px||2px|||&#8220; global_colors_info=&#8220;{}&#8220;][et_pb_column type=&#8220;4_4&#8243; _builder_version=&#8220;4.14.7&#8243; _module_preset=&#8220;default&#8220; global_colors_info=&#8220;{}&#8220;][et_pb_text _builder_version=&#8220;4.14.8&#8243; _module_preset=&#8220;default&#8220; text_font=&#8220;||||||||&#8220; text_text_color=&#8220;#FFFFFF&#8220; text_font_size=&#8220;15px&#8220; header_4_text_color=&#8220;#FFFFFF&#8220; header_4_font_size=&#8220;17px&#8220; header_4_line_height=&#8220;2.4em&#8220; hover_enabled=&#8220;0&#8243; global_colors_info=&#8220;{}&#8220; sticky_enabled=&#8220;0&#8243;]<\/p>\n<p style=\"text-align: center;\">Aus diesem Grunde:<\/p>\n<p>[\/et_pb_text][\/et_pb_column][\/et_pb_row][et_pb_row column_structure=&#8220;1_3,1_3,1_3&#8243; _builder_version=&#8220;4.14.7&#8243; _module_preset=&#8220;default&#8220; width=&#8220;90%&#8220; custom_margin=&#8220;-8px|auto||auto||&#8220; custom_padding=&#8220;||2px|||&#8220; global_colors_info=&#8220;{}&#8220;][et_pb_column type=&#8220;1_3&#8243; _builder_version=&#8220;4.14.7&#8243; _module_preset=&#8220;default&#8220; global_colors_info=&#8220;{}&#8220;][et_pb_blurb image=&#8220;https:\/\/depert.com\/wp-content\/uploads\/2022\/02\/calculator.png&#8220; image_icon_width=&#8220;64px&#8220; _builder_version=&#8220;4.14.8&#8243; _module_preset=&#8220;default&#8220; header_text_align=&#8220;center&#8220; body_font=&#8220;||||||||&#8220; body_text_align=&#8220;center&#8220; body_text_color=&#8220;#FFFFFF&#8220; body_font_size=&#8220;15px&#8220; custom_margin=&#8220;||10px|||&#8220; animation=&#8220;off&#8220; hover_enabled=&#8220;0&#8243; global_colors_info=&#8220;{}&#8220; sticky_enabled=&#8220;0&#8243;]<\/p>\n<p>sind die endg\u00fcltigen Kosten viel h\u00f6her als geplant.<\/p>\n<p>[\/et_pb_blurb][\/et_pb_column][et_pb_column type=&#8220;1_3&#8243; _builder_version=&#8220;4.14.7&#8243; _module_preset=&#8220;default&#8220; global_colors_info=&#8220;{}&#8220;][et_pb_blurb image=&#8220;https:\/\/depert.com\/wp-content\/uploads\/2022\/02\/network.png&#8220; image_icon_width=&#8220;64px&#8220; _builder_version=&#8220;4.14.8&#8243; _module_preset=&#8220;default&#8220; header_text_align=&#8220;center&#8220; body_font=&#8220;||||||||&#8220; body_text_align=&#8220;center&#8220; body_text_color=&#8220;#FFFFFF&#8220; body_font_size=&#8220;15px&#8220; custom_margin=&#8220;||10px|||&#8220; animation=&#8220;off&#8220; hover_enabled=&#8220;0&#8243; global_colors_info=&#8220;{}&#8220; sticky_enabled=&#8220;0&#8243;]<\/p>\n<p>ist das Designteam mit dem gesamten Angebot an Materialien auf dem Markt nicht vertraut.<\/p>\n<p>[\/et_pb_blurb][\/et_pb_column][et_pb_column type=&#8220;1_3&#8243; _builder_version=&#8220;4.14.7&#8243; _module_preset=&#8220;default&#8220; global_colors_info=&#8220;{}&#8220;][et_pb_blurb image=&#8220;https:\/\/depert.com\/wp-content\/uploads\/2022\/02\/fast.png&#8220; image_icon_width=&#8220;64px&#8220; _builder_version=&#8220;4.14.8&#8243; _module_preset=&#8220;default&#8220; header_text_align=&#8220;center&#8220; body_font=&#8220;||||||||&#8220; body_text_align=&#8220;center&#8220; body_text_color=&#8220;#FFFFFF&#8220; body_font_size=&#8220;15px&#8220; custom_margin=&#8220;||10px|||&#8220; animation=&#8220;off&#8220; hover_enabled=&#8220;0&#8243; global_colors_info=&#8220;{}&#8220; sticky_enabled=&#8220;0&#8243;]<\/p>\n<p>entsteht mitten in einem schon laufenden Produktentwicklungsprozess die Notwendigkeit, neue Lieferanten zu finden.<\/p>\n<p>[\/et_pb_blurb][\/et_pb_column][\/et_pb_row][et_pb_row _builder_version=&#8220;4.14.7&#8243; _module_preset=&#8220;default&#8220; width=&#8220;90%&#8220; custom_margin=&#8220;-8px|auto||auto||&#8220; custom_padding=&#8220;9px||2px|||&#8220; global_colors_info=&#8220;{}&#8220;][et_pb_column type=&#8220;4_4&#8243; _builder_version=&#8220;4.14.7&#8243; _module_preset=&#8220;default&#8220; global_colors_info=&#8220;{}&#8220;][et_pb_text _builder_version=&#8220;4.14.8&#8243; _module_preset=&#8220;default&#8220; text_font=&#8220;||||||||&#8220; text_text_color=&#8220;#FFFFFF&#8220; text_font_size=&#8220;15px&#8220; header_4_text_color=&#8220;#FFFFFF&#8220; header_4_font_size=&#8220;17px&#8220; header_4_line_height=&#8220;2.4em&#8220; custom_padding=&#8220;23px|||||&#8220; hover_enabled=&#8220;0&#8243; global_colors_info=&#8220;{}&#8220; sticky_enabled=&#8220;0&#8243;]<\/p>\n<p>Dies f\u00fchrt zu Verlusten, die durch die Zusammenarbeit mit Konstrukteuren gleich zu Beginn des Projekts vermieden werden k\u00f6nnen. Bei DEPERT ist die \u00fcber technisches Fachwissen verf\u00fcgende Beschaffungsabteilung in alle Entwicklungsetappen eingebunden. Diese Abteilungen arbeiten eng zusammen und beziehen auch die Lieferanten in den Prozess ein.<\/p>\n<p>Durch die Zusammenarbeit mit Zulieferern bereits in der Entwurfsphase wird die Produktentwicklungszeit erheblich verk\u00fcrzt und die Endkosten werden gesenkt. Au\u00dferdem haben wir mehr Zeit, um eine perfekt abgestimmte Technologie zu finden, und k\u00f6nnen uns an zuk\u00fcnftige Technologiestrategien anpassen, was die Effizienz und Effektivit\u00e4t der Prozesse erh\u00f6ht. Wie k\u00f6nnen wir Lieferanten effektiv beteiligen? Wir beginnen damit, die richtigen Unternehmen zu finden, Beziehungen zu ihnen aufzubauen und abzustimmen und sicherzustellen, dass sie alle Anforderungen in Bezug auf interne Prozesse und Zusammenarbeit erf\u00fcllen.<\/p>\n<p>[\/et_pb_text][\/et_pb_column][\/et_pb_row][\/et_pb_section][et_pb_section fb_built=&#8220;1&#8243; _builder_version=&#8220;4.14.7&#8243; _module_preset=&#8220;default&#8220; custom_padding=&#8220;20px||20px||true|false&#8220; global_colors_info=&#8220;{}&#8220;][et_pb_row column_structure=&#8220;2_5,3_5&#8243; use_custom_gutter=&#8220;on&#8220; make_equal=&#8220;on&#8220; _builder_version=&#8220;4.14.7&#8243; _module_preset=&#8220;default&#8220; width=&#8220;90%&#8220; global_colors_info=&#8220;{}&#8220;][et_pb_column type=&#8220;2_5&#8243; _builder_version=&#8220;4.14.7&#8243; _module_preset=&#8220;default&#8220; background_image=&#8220;https:\/\/depert.com\/wp-content\/uploads\/2022\/02\/o2.jpg&#8220; global_colors_info=&#8220;{}&#8220;][et_pb_divider color=&#8220;rgba(0,65,115,0)&#8220; _builder_version=&#8220;4.14.7&#8243; _module_preset=&#8220;default&#8220; custom_padding=&#8220;||127px|||&#8220; global_colors_info=&#8220;{}&#8220;][\/et_pb_divider][\/et_pb_column][et_pb_column type=&#8220;3_5&#8243; _builder_version=&#8220;4.14.7&#8243; _module_preset=&#8220;default&#8220; custom_padding=&#8220;37px||37px||true|false&#8220; global_colors_info=&#8220;{}&#8220;][et_pb_text _builder_version=&#8220;4.14.8&#8243; _module_preset=&#8220;default&#8220; header_2_font=&#8220;||||||||&#8220; header_2_text_color=&#8220;#000000&#8243; header_2_font_size=&#8220;29px&#8220; header_2_line_height=&#8220;1.2em&#8220; hover_enabled=&#8220;0&#8243; global_colors_info=&#8220;{}&#8220; sticky_enabled=&#8220;0&#8243;]<\/p>\n<h2>Und was mit Logistik?<\/h2>\n<p>[\/et_pb_text][et_pb_divider divider_weight=&#8220;3px&#8220; _builder_version=&#8220;4.14.7&#8243; max_width=&#8220;72px&#8220; custom_margin=&#8220;-16px||||false|false&#8220; custom_margin_tablet=&#8220;-26px||||false|false&#8220; custom_margin_phone=&#8220;-26px||||false|false&#8220; custom_margin_last_edited=&#8220;on|phone&#8220; custom_padding=&#8220;0px|||&#8220; global_colors_info=&#8220;{}&#8220;][\/et_pb_divider][et_pb_text _builder_version=&#8220;4.14.8&#8243; _module_preset=&#8220;default&#8220; text_font=&#8220;||||||||&#8220; text_font_size=&#8220;15px&#8220; custom_margin=&#8220;||3px|||&#8220; hover_enabled=&#8220;0&#8243; global_colors_info=&#8220;{}&#8220; sticky_enabled=&#8220;0&#8243;]<\/p>\n<p>Beginnt der Kunde mit DEPERT bei der Entwicklung eines neuen Produkts zu kooperieren, bieten wir ihm nicht nur R&amp;DaaS und PaaS an. wir stellen auch Outsourcing logistischer Dienstleistungen (<strong>LaaS \u2013 Logistics as a Service<\/strong>) sicher. Dazu geh\u00f6ren nicht nur Transport und Lagerung, sondern auch die Materialbedarfsplanung. (MRP). Aufgrund unserer langj\u00e4hrigen Erfahrung mit verschiedenen ERP-Systemen \u00fcbernehmen wir gerne die Planung und Verwaltung von Lieferungen. Eine gute Planung, die auf detaillierten Prognosen und Kundenauftr\u00e4gen beruht, erm\u00f6glicht eine wirksame Kostenoptimierung in der Lieferkette, ferner eine Minimierung der Lagerbest\u00e4nde und die Freisetzung von Barmitteln im Unternehmen.<\/p>\n<p>[\/et_pb_text][\/et_pb_column][\/et_pb_row][\/et_pb_section]<\/p>\n","protected":false},"excerpt":{"rendered":"<p>Beschaffung als Dienstleistung? Kennen Sie die Beschaffungsabteilung von DEPERT lernenNur wenige Fertigungsunternehmen wissen, dass auch der Einkaufsprozess ausgelagert werden kann. Dies ist eine \u00e4u\u00dferst praktische Option, da sie Zeit und Ressourcen spart, die die Gesamtkosten der Produktentwicklung erheblich erh\u00f6hen k\u00f6nnen. Bei einem effektiven Beschaffungsprozess geht es jedoch nicht nur darum, die richtigen Lieferanten zu finden. [&hellip;]<\/p>\n","protected":false},"author":1,"featured_media":0,"parent":0,"menu_order":0,"comment_status":"closed","ping_status":"closed","template":"","meta":{"_et_pb_use_builder":"on","_et_pb_old_content":"","_et_gb_content_width":"","footnotes":""},"class_list":["post-669","page","type-page","status-publish","hentry"],"_links":{"self":[{"href":"https:\/\/depert.com\/de\/wp-json\/wp\/v2\/pages\/669","targetHints":{"allow":["GET"]}}],"collection":[{"href":"https:\/\/depert.com\/de\/wp-json\/wp\/v2\/pages"}],"about":[{"href":"https:\/\/depert.com\/de\/wp-json\/wp\/v2\/types\/page"}],"author":[{"embeddable":true,"href":"https:\/\/depert.com\/de\/wp-json\/wp\/v2\/users\/1"}],"replies":[{"embeddable":true,"href":"https:\/\/depert.com\/de\/wp-json\/wp\/v2\/comments?post=669"}],"version-history":[{"count":2,"href":"https:\/\/depert.com\/de\/wp-json\/wp\/v2\/pages\/669\/revisions"}],"predecessor-version":[{"id":671,"href":"https:\/\/depert.com\/de\/wp-json\/wp\/v2\/pages\/669\/revisions\/671"}],"wp:attachment":[{"href":"https:\/\/depert.com\/de\/wp-json\/wp\/v2\/media?parent=669"}],"curies":[{"name":"wp","href":"https:\/\/api.w.org\/{rel}","templated":true}]}}